{"id":25692,"date":"2022-09-14T11:33:44","date_gmt":"2022-09-14T11:33:44","guid":{"rendered":"https:\/\/www.towebornottoweb.com\/marketplaces-internazionali\/"},"modified":"2025-03-25T09:31:09","modified_gmt":"2025-03-25T09:31:09","slug":"marketplaces-internazionali","status":"publish","type":"page","link":"https:\/\/towebornottoweb.com\/it\/marketplaces-internazionali\/","title":{"rendered":"Marketplaces Internazionali"},"content":{"rendered":"\t\t<div data-elementor-type=\"wp-page\" data-elementor-id=\"25692\" class=\"elementor elementor-25692 elementor-20906\" data-elementor-post-type=\"page\">\n\t\t\t\t\t\t<section class=\"elementor-section elementor-top-section elementor-element elementor-element-c5aa159 elementor-section-full_width elementor-section-height-default elementor-section-height-default wpr-particle-no wpr-jarallax-no wpr-parallax-no wpr-sticky-section-no\" data-id=\"c5aa159\" data-element_type=\"section\" data-e-type=\"section\" data-settings=\"{&quot;background_background&quot;:&quot;classic&quot;}\">\n\t\t\t\t\t\t<div class=\"elementor-container elementor-column-gap-no\">\n\t\t\t\t\t<div class=\"elementor-column elementor-col-100 elementor-top-column elementor-element elementor-element-aba2124\" data-id=\"aba2124\" data-element_type=\"column\" data-e-type=\"column\">\n\t\t\t<div class=\"elementor-widget-wrap elementor-element-populated\">\n\t\t\t\t\t\t<div class=\"elementor-element elementor-element-24adb69 elementor-widget elementor-widget-elementskit-heading\" data-id=\"24adb69\" data-element_type=\"widget\" data-e-type=\"widget\" data-widget_type=\"elementskit-heading.default\">\n\t\t\t\t<div class=\"elementor-widget-container\">\n\t\t\t\t\t<div class=\"ekit-wid-con\" ><div class=\"ekit-heading elementskit-section-title-wraper text_center   ekit_heading_tablet-   ekit_heading_mobile-\"><h2 class=\"ekit-heading--title elementskit-section-title \">Marketplaces Internazionali<\/h2>\t\t\t\t<div class='ekit-heading__description'>\n\t\t\t\t\t<h5><span>Amazon \u00e8 uno dei marketplaces pi\u00f9 grandi del mondo, ma non \u00e8 nemmeno vicino alla quantit\u00e0 totale di tutti i marketplaces esistenti al mondo. Ci sono molti altri marketplaces, locali o internazionali, che possono essere molto efficaci per sviluppare l'export. ToWebOrNotToWeb aiuta le PMI a creare un account, a codificare i prodotti\/servizi e ad utilizzare gli strumenti specifici di web-marketing per incrementare le vendite internazionali dei marketplaces.<\/span><\/h5>\n\t\t\t\t<\/div>\n\t\t\t<\/div><\/div>\t\t\t\t<\/div>\n\t\t\t\t<\/div>\n\t\t\t\t<div class=\"elementor-element elementor-element-2ae82b4 elementor-widget elementor-widget-heading\" data-id=\"2ae82b4\" data-element_type=\"widget\" data-e-type=\"widget\" data-widget_type=\"heading.default\">\n\t\t\t\t<div class=\"elementor-widget-container\">\n\t\t\t\t\t<h2 class=\"elementor-heading-title elementor-size-default\">I nostri Servizi<\/h2>\t\t\t\t<\/div>\n\t\t\t\t<\/div>\n\t\t\t\t<section class=\"elementor-section elementor-inner-section elementor-element elementor-element-726efd9 elementor-section-boxed elementor-section-height-default elementor-section-height-default wpr-particle-no wpr-jarallax-no wpr-parallax-no wpr-sticky-section-no\" data-id=\"726efd9\" data-element_type=\"section\" data-e-type=\"section\">\n\t\t\t\t\t\t<div class=\"elementor-container elementor-column-gap-default\">\n\t\t\t\t\t<div class=\"elementor-column elementor-col-50 elementor-inner-column elementor-element elementor-element-4b958cc\" data-id=\"4b958cc\" data-element_type=\"column\" data-e-type=\"column\">\n\t\t\t<div class=\"elementor-widget-wrap elementor-element-populated\">\n\t\t\t\t\t\t<div class=\"elementor-element elementor-element-273ff67 elementor-widget elementor-widget-elementskit-image-box\" data-id=\"273ff67\" data-element_type=\"widget\" data-e-type=\"widget\" data-widget_type=\"elementskit-image-box.default\">\n\t\t\t\t<div class=\"elementor-widget-container\">\n\t\t\t\t\t<div class=\"ekit-wid-con\" >\n            <div class=\"elementskit-info-image-box ekit-image-box text-center floating-style\" >\n\n                <a href=\"https:\/\/www.towebornottoweb.com\/it\/marketplaces-internazionali\/web-marketing-internazionale-per-marketplaces\/\">\n                <div class=\"elementskit-box-header image-box-img-center\">\n\n                    <img decoding=\"async\" src=\"https:\/\/www.towebornottoweb.com\/wp-content\/uploads\/2018\/04\/marketplace-1-e1662362184866.jpg\" title=\"\" alt=\"International Marketplaces Integration\" loading=\"lazy\" \/>\n                <\/div>\n                <\/a>\n                <div class=\"elementskit-box-body ekit-image-box-body\">\n                    <div class=\"elementskit-box-content ekit-image-box-body-inner\">\n                                                <h5 class=\"elementskit-info-box-title\">\n\n                        <a href=\"https:\/\/www.towebornottoweb.com\/it\/marketplaces-internazionali\/web-marketing-internazionale-per-marketplaces\/\">Web-Marketing Internazionale Per Marketplaces<\/a>\n                        \n                    <\/h5>\n                                                            <div class=\"elementskit-box-style-content\">\n                        Aumentare il fatturato export grazie agli strumenti web-marketing dei marketplaces e ecommerce internazionali.                    <\/div>\n                                    <\/div>\n\n                            <\/div>\n            <\/div>\n    <\/div>\t\t\t\t<\/div>\n\t\t\t\t<\/div>\n\t\t\t\t\t<\/div>\n\t\t<\/div>\n\t\t\t\t<div class=\"elementor-column elementor-col-50 elementor-inner-column elementor-element elementor-element-408ecb1\" data-id=\"408ecb1\" data-element_type=\"column\" data-e-type=\"column\">\n\t\t\t<div class=\"elementor-widget-wrap elementor-element-populated\">\n\t\t\t\t\t\t<div class=\"elementor-element elementor-element-e89ca96 elementor-widget elementor-widget-elementskit-image-box\" data-id=\"e89ca96\" data-element_type=\"widget\" data-e-type=\"widget\" data-widget_type=\"elementskit-image-box.default\">\n\t\t\t\t<div class=\"elementor-widget-container\">\n\t\t\t\t\t<div class=\"ekit-wid-con\" >\n            <div class=\"elementskit-info-image-box ekit-image-box text-center floating-style\" >\n\n                <a href=\"https:\/\/www.towebornottoweb.com\/it\/marketplaces-internazionali\/integrazione-marketplaces-internazionali\/\">\n                <div class=\"elementskit-box-header image-box-img-center\">\n\n                    <img fetchpriority=\"high\" decoding=\"async\" width=\"924\" height=\"616\" src=\"https:\/\/towebornottoweb.com\/wp-content\/uploads\/2018\/05\/90461-scaled.jpg\" class=\"attachment-full size-full wp-image-16322\" alt=\"\" srcset=\"https:\/\/towebornottoweb.com\/wp-content\/uploads\/2018\/05\/90461-scaled.jpg 924w, https:\/\/towebornottoweb.com\/wp-content\/uploads\/2018\/05\/90461-scaled-400x267.jpg 400w, https:\/\/towebornottoweb.com\/wp-content\/uploads\/2018\/05\/90461-300x200.jpg 300w, https:\/\/towebornottoweb.com\/wp-content\/uploads\/2018\/05\/90461-1024x683.jpg 1024w, https:\/\/towebornottoweb.com\/wp-content\/uploads\/2018\/05\/90461-768x512.jpg 768w, https:\/\/towebornottoweb.com\/wp-content\/uploads\/2018\/05\/90461-1536x1024.jpg 1536w, https:\/\/towebornottoweb.com\/wp-content\/uploads\/2018\/05\/90461-2048x1365.jpg 2048w, https:\/\/towebornottoweb.com\/wp-content\/uploads\/2018\/05\/90461-1170x780.jpg 1170w, https:\/\/towebornottoweb.com\/wp-content\/uploads\/2018\/05\/90461-570x380.jpg 570w, https:\/\/towebornottoweb.com\/wp-content\/uploads\/2018\/05\/90461-370x247.jpg 370w, https:\/\/towebornottoweb.com\/wp-content\/uploads\/2018\/05\/90461-270x180.jpg 270w, https:\/\/towebornottoweb.com\/wp-content\/uploads\/2018\/05\/90461-96x64.jpg 96w\" sizes=\"(max-width: 924px) 100vw, 924px\" \/>\n                <\/div>\n                <\/a>\n                <div class=\"elementskit-box-body ekit-image-box-body\">\n                    <div class=\"elementskit-box-content ekit-image-box-body-inner\">\n                                                <h5 class=\"elementskit-info-box-title\">\n\n                        <a href=\"https:\/\/www.towebornottoweb.com\/it\/marketplaces-internazionali\/integrazione-marketplaces-internazionali\/\">Integrazione Marketplaces Internazionali<\/a>\n                        \n                    <\/h5>\n                                                            <div class=\"elementskit-box-style-content\">\n                        Sfruttare i marketplaces locali o internazionali per far decollare il fatturato export.                    <\/div>\n                                    <\/div>\n\n                            <\/div>\n            <\/div>\n    <\/div>\t\t\t\t<\/div>\n\t\t\t\t<\/div>\n\t\t\t\t\t<\/div>\n\t\t<\/div>\n\t\t\t\t\t<\/div>\n\t\t<\/section>\n\t\t\t\t\t<\/div>\n\t\t<\/div>\n\t\t\t\t\t<\/div>\n\t\t<\/section>\n\t\t\t\t<\/div>\n\t\t","protected":false},"excerpt":{"rendered":"<p>Marketplaces Internazionali Amazon \u00e8 uno dei marketplaces pi\u00f9 grandi del mondo, ma non \u00e8 nemmeno vicino alla quantit\u00e0 totale di tutti i marketplaces esistenti al mondo. Ci sono molti altri marketplaces, locali o internazionali, che possono essere molto efficaci per sviluppare l&#8217;export. ToWebOrNotToWeb aiuta le PMI a creare un account, a codificare i prodotti\/servizi e ad utilizzare gli strumenti specifici di web-marketing per incrementare le vendite internazionali dei marketplaces. I nostri Servizi Web-Marketing Internazionale Per Marketplaces Aumentare il fatturato export grazie agli strumenti web-marketing dei marketplaces e ecommerce internazionali. Integrazione Marketplaces Internazionali Sfruttare i marketplaces locali o internazionali per far decollare il fatturato export.<\/p>\n","protected":false},"author":30,"featured_media":32867,"parent":0,"menu_order":0,"comment_status":"closed","ping_status":"closed","template":"","meta":{"site-sidebar-layout":"no-sidebar","site-content-layout":"page-builder","ast-site-content-layout":"","site-content-style":"default","site-sidebar-style":"default","ast-global-header-display":"","ast-banner-title-visibility":"","ast-main-header-display":"","ast-hfb-above-header-display":"","ast-hfb-below-header-display":"","ast-hfb-mobile-header-display":"","site-post-title":"disabled","ast-breadcrumbs-content":"","ast-featured-img":"disabled","footer-sml-layout":"","theme-transparent-header-meta":"","adv-header-id-meta":"","stick-header-meta":"","header-above-stick-meta":"","header-main-stick-meta":"","header-below-stick-meta":"","astra-migrate-meta-layouts":"default","ast-page-background-enabled":"default","ast-page-background-meta":{"desktop":{"background-color":"var(--ast-global-color-4)","background-image":"","background-repeat":"repeat","background-position":"center center","background-size":"auto","background-attachment":"scroll","background-type":"","background-media":"","overlay-type":"","overlay-color":"","overlay-opacity":"","overlay-gradient":""},"tablet":{"background-color":"","background-image":"","background-repeat":"repeat","background-position":"center center","background-size":"auto","background-attachment":"scroll","background-type":"","background-media":"","overlay-type":"","overlay-color":"","overlay-opacity":"","overlay-gradient":""},"mobile":{"background-color":"","background-image":"","background-repeat":"repeat","background-position":"center center","background-size":"auto","background-attachment":"scroll","background-type":"","background-media":"","overlay-type":"","overlay-color":"","overlay-opacity":"","overlay-gradient":""}},"ast-content-background-meta":{"desktop":{"background-color":"var(--ast-global-color-5)","background-image":"","background-repeat":"repeat","background-position":"center center","background-size":"auto","background-attachment":"scroll","background-type":"","background-media":"","overlay-type":"","overlay-color":"","overlay-opacity":"","overlay-gradient":""},"tablet":{"background-color":"var(--ast-global-color-5)","background-image":"","background-repeat":"repeat","background-position":"center center","background-size":"auto","background-attachment":"scroll","background-type":"","background-media":"","overlay-type":"","overlay-color":"","overlay-opacity":"","overlay-gradient":""},"mobile":{"background-color":"var(--ast-global-color-5)","background-image":"","background-repeat":"repeat","background-position":"center center","background-size":"auto","background-attachment":"scroll","background-type":"","background-media":"","overlay-type":"","overlay-color":"","overlay-opacity":"","overlay-gradient":""}},"footnotes":""},"class_list":["post-25692","page","type-page","status-publish","has-post-thumbnail","hentry"],"yoast_head":"<!-- This site is optimized with the Yoast SEO plugin v27.3 - https:\/\/yoast.com\/product\/yoast-seo-wordpress\/ -->\n<title>Marketplaces Internazionali - ToWebOrNotToWeb<\/title>\n<meta name=\"description\" content=\"Dalla creazione di un account all&#039;inserimento dei prodotti, ToWebOrNotToWeb aiuta le PMI a crescere sulle marketplaces internazionali.\" \/>\n<meta name=\"robots\" content=\"index, follow, max-snippet:-1, max-image-preview:large, max-video-preview:-1\" \/>\n<link rel=\"canonical\" href=\"https:\/\/towebornottoweb.com\/it\/marketplaces-internazionali\/\" \/>\n<meta property=\"og:locale\" content=\"it_IT\" \/>\n<meta property=\"og:type\" content=\"article\" \/>\n<meta property=\"og:title\" content=\"Marketplaces Internazionali - ToWebOrNotToWeb\" \/>\n<meta property=\"og:description\" content=\"Dalla creazione di un account all&#039;inserimento dei prodotti, ToWebOrNotToWeb aiuta le PMI a crescere sulle marketplaces internazionali.\" \/>\n<meta property=\"og:url\" content=\"https:\/\/towebornottoweb.com\/it\/marketplaces-internazionali\/\" \/>\n<meta property=\"article:publisher\" content=\"https:\/\/www.facebook.com\/ToWebOrNotToWeb\" \/>\n<meta property=\"article:modified_time\" content=\"2025-03-25T09:31:09+00:00\" \/>\n<meta property=\"og:image\" content=\"https:\/\/towebornottoweb.com\/wp-content\/uploads\/2023\/01\/marketplace-1-e1662362184866.jpg\" \/>\n\t<meta property=\"og:image:width\" content=\"370\" \/>\n\t<meta property=\"og:image:height\" content=\"253\" \/>\n\t<meta property=\"og:image:type\" content=\"image\/jpeg\" \/>\n<meta name=\"twitter:card\" content=\"summary_large_image\" \/>\n<meta name=\"twitter:site\" content=\"@ToWebOrNoToWeb\" \/>\n<meta name=\"twitter:label1\" content=\"Tempo di lettura stimato\" \/>\n\t<meta name=\"twitter:data1\" content=\"1 minuto\" \/>\n<script type=\"application\/ld+json\" class=\"yoast-schema-graph\">{\"@context\":\"https:\\\/\\\/schema.org\",\"@graph\":[{\"@type\":\"Article\",\"@id\":\"https:\\\/\\\/towebornottoweb.com\\\/it\\\/marketplaces-internazionali\\\/#article\",\"isPartOf\":{\"@id\":\"https:\\\/\\\/towebornottoweb.com\\\/it\\\/marketplaces-internazionali\\\/\"},\"author\":{\"name\":\"Editorial Team\",\"@id\":\"https:\\\/\\\/towebornottoweb.com\\\/en\\\/#\\\/schema\\\/person\\\/2c2ee302dffb717a96907d5ad2c994d8\"},\"headline\":\"Marketplaces Internazionali\",\"datePublished\":\"2022-09-14T11:33:44+00:00\",\"dateModified\":\"2025-03-25T09:31:09+00:00\",\"mainEntityOfPage\":{\"@id\":\"https:\\\/\\\/towebornottoweb.com\\\/it\\\/marketplaces-internazionali\\\/\"},\"wordCount\":106,\"publisher\":{\"@id\":\"https:\\\/\\\/towebornottoweb.com\\\/en\\\/#organization\"},\"image\":{\"@id\":\"https:\\\/\\\/towebornottoweb.com\\\/it\\\/marketplaces-internazionali\\\/#primaryimage\"},\"thumbnailUrl\":\"https:\\\/\\\/towebornottoweb.com\\\/wp-content\\\/uploads\\\/2023\\\/01\\\/marketplace-1-e1662362184866.jpg\",\"inLanguage\":\"it-IT\"},{\"@type\":\"WebPage\",\"@id\":\"https:\\\/\\\/towebornottoweb.com\\\/it\\\/marketplaces-internazionali\\\/\",\"url\":\"https:\\\/\\\/towebornottoweb.com\\\/it\\\/marketplaces-internazionali\\\/\",\"name\":\"Marketplaces Internazionali - ToWebOrNotToWeb\",\"isPartOf\":{\"@id\":\"https:\\\/\\\/towebornottoweb.com\\\/en\\\/#website\"},\"primaryImageOfPage\":{\"@id\":\"https:\\\/\\\/towebornottoweb.com\\\/it\\\/marketplaces-internazionali\\\/#primaryimage\"},\"image\":{\"@id\":\"https:\\\/\\\/towebornottoweb.com\\\/it\\\/marketplaces-internazionali\\\/#primaryimage\"},\"thumbnailUrl\":\"https:\\\/\\\/towebornottoweb.com\\\/wp-content\\\/uploads\\\/2023\\\/01\\\/marketplace-1-e1662362184866.jpg\",\"datePublished\":\"2022-09-14T11:33:44+00:00\",\"dateModified\":\"2025-03-25T09:31:09+00:00\",\"description\":\"Dalla creazione di un account all'inserimento dei prodotti, ToWebOrNotToWeb aiuta le PMI a crescere sulle marketplaces internazionali.\",\"breadcrumb\":{\"@id\":\"https:\\\/\\\/towebornottoweb.com\\\/it\\\/marketplaces-internazionali\\\/#breadcrumb\"},\"inLanguage\":\"it-IT\",\"potentialAction\":[{\"@type\":\"ReadAction\",\"target\":[\"https:\\\/\\\/towebornottoweb.com\\\/it\\\/marketplaces-internazionali\\\/\"]}]},{\"@type\":\"ImageObject\",\"inLanguage\":\"it-IT\",\"@id\":\"https:\\\/\\\/towebornottoweb.com\\\/it\\\/marketplaces-internazionali\\\/#primaryimage\",\"url\":\"https:\\\/\\\/towebornottoweb.com\\\/wp-content\\\/uploads\\\/2023\\\/01\\\/marketplace-1-e1662362184866.jpg\",\"contentUrl\":\"https:\\\/\\\/towebornottoweb.com\\\/wp-content\\\/uploads\\\/2023\\\/01\\\/marketplace-1-e1662362184866.jpg\",\"width\":370,\"height\":253},{\"@type\":\"BreadcrumbList\",\"@id\":\"https:\\\/\\\/towebornottoweb.com\\\/it\\\/marketplaces-internazionali\\\/#breadcrumb\",\"itemListElement\":[{\"@type\":\"ListItem\",\"position\":1,\"name\":\"Home\",\"item\":\"https:\\\/\\\/towebornottoweb.com\\\/it\\\/la-rivoluzione-dellecommerce-cross-border\\\/\"},{\"@type\":\"ListItem\",\"position\":2,\"name\":\"Marketplaces Internazionali\"}]},{\"@type\":\"WebSite\",\"@id\":\"https:\\\/\\\/towebornottoweb.com\\\/en\\\/#website\",\"url\":\"https:\\\/\\\/towebornottoweb.com\\\/en\\\/\",\"name\":\"ToWebOrNotToWeb\",\"description\":\"Digital Export\",\"publisher\":{\"@id\":\"https:\\\/\\\/towebornottoweb.com\\\/en\\\/#organization\"},\"potentialAction\":[{\"@type\":\"SearchAction\",\"target\":{\"@type\":\"EntryPoint\",\"urlTemplate\":\"https:\\\/\\\/towebornottoweb.com\\\/en\\\/?s={search_term_string}\"},\"query-input\":{\"@type\":\"PropertyValueSpecification\",\"valueRequired\":true,\"valueName\":\"search_term_string\"}}],\"inLanguage\":\"it-IT\"},{\"@type\":\"Organization\",\"@id\":\"https:\\\/\\\/towebornottoweb.com\\\/en\\\/#organization\",\"name\":\"ToWebOrNotToWeb\",\"alternateName\":\"Digital Export\",\"url\":\"https:\\\/\\\/towebornottoweb.com\\\/en\\\/\",\"logo\":{\"@type\":\"ImageObject\",\"inLanguage\":\"it-IT\",\"@id\":\"https:\\\/\\\/towebornottoweb.com\\\/en\\\/#\\\/schema\\\/logo\\\/image\\\/\",\"url\":\"https:\\\/\\\/towebornottoweb.com\\\/wp-content\\\/uploads\\\/2024\\\/10\\\/cropped-logo-1-removebg-preview-1-1.png\",\"contentUrl\":\"https:\\\/\\\/towebornottoweb.com\\\/wp-content\\\/uploads\\\/2024\\\/10\\\/cropped-logo-1-removebg-preview-1-1.png\",\"width\":225,\"height\":122,\"caption\":\"ToWebOrNotToWeb\"},\"image\":{\"@id\":\"https:\\\/\\\/towebornottoweb.com\\\/en\\\/#\\\/schema\\\/logo\\\/image\\\/\"},\"sameAs\":[\"https:\\\/\\\/www.facebook.com\\\/ToWebOrNotToWeb\",\"https:\\\/\\\/x.com\\\/ToWebOrNoToWeb\",\"https:\\\/\\\/www.instagram.com\\\/towebornottoweb\\\/\",\"https:\\\/\\\/www.linkedin.com\\\/company\\\/to-web-or-not-to-web\",\"https:\\\/\\\/www.youtube.com\\\/channel\\\/UCa9Pftw5fcrwpV58cSXKRww\\\/\"]},{\"@type\":\"Person\",\"@id\":\"https:\\\/\\\/towebornottoweb.com\\\/en\\\/#\\\/schema\\\/person\\\/2c2ee302dffb717a96907d5ad2c994d8\",\"name\":\"Editorial Team\",\"image\":{\"@type\":\"ImageObject\",\"inLanguage\":\"it-IT\",\"@id\":\"https:\\\/\\\/secure.gravatar.com\\\/avatar\\\/3b8e46fa9a266f287f8d3d7712270c2827725a82e039358a3ca05a70cccec30b?s=96&d=mm&r=g\",\"url\":\"https:\\\/\\\/secure.gravatar.com\\\/avatar\\\/3b8e46fa9a266f287f8d3d7712270c2827725a82e039358a3ca05a70cccec30b?s=96&d=mm&r=g\",\"contentUrl\":\"https:\\\/\\\/secure.gravatar.com\\\/avatar\\\/3b8e46fa9a266f287f8d3d7712270c2827725a82e039358a3ca05a70cccec30b?s=96&d=mm&r=g\",\"caption\":\"Editorial Team\"},\"url\":\"https:\\\/\\\/towebornottoweb.com\\\/it\\\/author\\\/silvia-carter\\\/\"}]}<\/script>\n<!-- \/ Yoast SEO plugin. -->","yoast_head_json":{"title":"Marketplaces Internazionali - ToWebOrNotToWeb","description":"Dalla creazione di un account all'inserimento dei prodotti, ToWebOrNotToWeb aiuta le PMI a crescere sulle marketplaces internazionali.","robots":{"index":"index","follow":"follow","max-snippet":"max-snippet:-1","max-image-preview":"max-image-preview:large","max-video-preview":"max-video-preview:-1"},"canonical":"https:\/\/towebornottoweb.com\/it\/marketplaces-internazionali\/","og_locale":"it_IT","og_type":"article","og_title":"Marketplaces Internazionali - ToWebOrNotToWeb","og_description":"Dalla creazione di un account all'inserimento dei prodotti, ToWebOrNotToWeb aiuta le PMI a crescere sulle marketplaces internazionali.","og_url":"https:\/\/towebornottoweb.com\/it\/marketplaces-internazionali\/","article_publisher":"https:\/\/www.facebook.com\/ToWebOrNotToWeb","article_modified_time":"2025-03-25T09:31:09+00:00","og_image":[{"width":370,"height":253,"url":"https:\/\/towebornottoweb.com\/wp-content\/uploads\/2023\/01\/marketplace-1-e1662362184866.jpg","type":"image\/jpeg"}],"twitter_card":"summary_large_image","twitter_site":"@ToWebOrNoToWeb","twitter_misc":{"Tempo di lettura stimato":"1 minuto"},"schema":{"@context":"https:\/\/schema.org","@graph":[{"@type":"Article","@id":"https:\/\/towebornottoweb.com\/it\/marketplaces-internazionali\/#article","isPartOf":{"@id":"https:\/\/towebornottoweb.com\/it\/marketplaces-internazionali\/"},"author":{"name":"Editorial Team","@id":"https:\/\/towebornottoweb.com\/en\/#\/schema\/person\/2c2ee302dffb717a96907d5ad2c994d8"},"headline":"Marketplaces Internazionali","datePublished":"2022-09-14T11:33:44+00:00","dateModified":"2025-03-25T09:31:09+00:00","mainEntityOfPage":{"@id":"https:\/\/towebornottoweb.com\/it\/marketplaces-internazionali\/"},"wordCount":106,"publisher":{"@id":"https:\/\/towebornottoweb.com\/en\/#organization"},"image":{"@id":"https:\/\/towebornottoweb.com\/it\/marketplaces-internazionali\/#primaryimage"},"thumbnailUrl":"https:\/\/towebornottoweb.com\/wp-content\/uploads\/2023\/01\/marketplace-1-e1662362184866.jpg","inLanguage":"it-IT"},{"@type":"WebPage","@id":"https:\/\/towebornottoweb.com\/it\/marketplaces-internazionali\/","url":"https:\/\/towebornottoweb.com\/it\/marketplaces-internazionali\/","name":"Marketplaces Internazionali - ToWebOrNotToWeb","isPartOf":{"@id":"https:\/\/towebornottoweb.com\/en\/#website"},"primaryImageOfPage":{"@id":"https:\/\/towebornottoweb.com\/it\/marketplaces-internazionali\/#primaryimage"},"image":{"@id":"https:\/\/towebornottoweb.com\/it\/marketplaces-internazionali\/#primaryimage"},"thumbnailUrl":"https:\/\/towebornottoweb.com\/wp-content\/uploads\/2023\/01\/marketplace-1-e1662362184866.jpg","datePublished":"2022-09-14T11:33:44+00:00","dateModified":"2025-03-25T09:31:09+00:00","description":"Dalla creazione di un account all'inserimento dei prodotti, ToWebOrNotToWeb aiuta le PMI a crescere sulle marketplaces internazionali.","breadcrumb":{"@id":"https:\/\/towebornottoweb.com\/it\/marketplaces-internazionali\/#breadcrumb"},"inLanguage":"it-IT","potentialAction":[{"@type":"ReadAction","target":["https:\/\/towebornottoweb.com\/it\/marketplaces-internazionali\/"]}]},{"@type":"ImageObject","inLanguage":"it-IT","@id":"https:\/\/towebornottoweb.com\/it\/marketplaces-internazionali\/#primaryimage","url":"https:\/\/towebornottoweb.com\/wp-content\/uploads\/2023\/01\/marketplace-1-e1662362184866.jpg","contentUrl":"https:\/\/towebornottoweb.com\/wp-content\/uploads\/2023\/01\/marketplace-1-e1662362184866.jpg","width":370,"height":253},{"@type":"BreadcrumbList","@id":"https:\/\/towebornottoweb.com\/it\/marketplaces-internazionali\/#breadcrumb","itemListElement":[{"@type":"ListItem","position":1,"name":"Home","item":"https:\/\/towebornottoweb.com\/it\/la-rivoluzione-dellecommerce-cross-border\/"},{"@type":"ListItem","position":2,"name":"Marketplaces Internazionali"}]},{"@type":"WebSite","@id":"https:\/\/towebornottoweb.com\/en\/#website","url":"https:\/\/towebornottoweb.com\/en\/","name":"ToWebOrNotToWeb","description":"Digital Export","publisher":{"@id":"https:\/\/towebornottoweb.com\/en\/#organization"},"potentialAction":[{"@type":"SearchAction","target":{"@type":"EntryPoint","urlTemplate":"https:\/\/towebornottoweb.com\/en\/?s={search_term_string}"},"query-input":{"@type":"PropertyValueSpecification","valueRequired":true,"valueName":"search_term_string"}}],"inLanguage":"it-IT"},{"@type":"Organization","@id":"https:\/\/towebornottoweb.com\/en\/#organization","name":"ToWebOrNotToWeb","alternateName":"Digital Export","url":"https:\/\/towebornottoweb.com\/en\/","logo":{"@type":"ImageObject","inLanguage":"it-IT","@id":"https:\/\/towebornottoweb.com\/en\/#\/schema\/logo\/image\/","url":"https:\/\/towebornottoweb.com\/wp-content\/uploads\/2024\/10\/cropped-logo-1-removebg-preview-1-1.png","contentUrl":"https:\/\/towebornottoweb.com\/wp-content\/uploads\/2024\/10\/cropped-logo-1-removebg-preview-1-1.png","width":225,"height":122,"caption":"ToWebOrNotToWeb"},"image":{"@id":"https:\/\/towebornottoweb.com\/en\/#\/schema\/logo\/image\/"},"sameAs":["https:\/\/www.facebook.com\/ToWebOrNotToWeb","https:\/\/x.com\/ToWebOrNoToWeb","https:\/\/www.instagram.com\/towebornottoweb\/","https:\/\/www.linkedin.com\/company\/to-web-or-not-to-web","https:\/\/www.youtube.com\/channel\/UCa9Pftw5fcrwpV58cSXKRww\/"]},{"@type":"Person","@id":"https:\/\/towebornottoweb.com\/en\/#\/schema\/person\/2c2ee302dffb717a96907d5ad2c994d8","name":"Editorial Team","image":{"@type":"ImageObject","inLanguage":"it-IT","@id":"https:\/\/secure.gravatar.com\/avatar\/3b8e46fa9a266f287f8d3d7712270c2827725a82e039358a3ca05a70cccec30b?s=96&d=mm&r=g","url":"https:\/\/secure.gravatar.com\/avatar\/3b8e46fa9a266f287f8d3d7712270c2827725a82e039358a3ca05a70cccec30b?s=96&d=mm&r=g","contentUrl":"https:\/\/secure.gravatar.com\/avatar\/3b8e46fa9a266f287f8d3d7712270c2827725a82e039358a3ca05a70cccec30b?s=96&d=mm&r=g","caption":"Editorial Team"},"url":"https:\/\/towebornottoweb.com\/it\/author\/silvia-carter\/"}]}},"_links":{"self":[{"href":"https:\/\/towebornottoweb.com\/it\/wp-json\/wp\/v2\/pages\/25692","targetHints":{"allow":["GET"]}}],"collection":[{"href":"https:\/\/towebornottoweb.com\/it\/wp-json\/wp\/v2\/pages"}],"about":[{"href":"https:\/\/towebornottoweb.com\/it\/wp-json\/wp\/v2\/types\/page"}],"author":[{"embeddable":true,"href":"https:\/\/towebornottoweb.com\/it\/wp-json\/wp\/v2\/users\/30"}],"replies":[{"embeddable":true,"href":"https:\/\/towebornottoweb.com\/it\/wp-json\/wp\/v2\/comments?post=25692"}],"version-history":[{"count":10,"href":"https:\/\/towebornottoweb.com\/it\/wp-json\/wp\/v2\/pages\/25692\/revisions"}],"predecessor-version":[{"id":46091,"href":"https:\/\/towebornottoweb.com\/it\/wp-json\/wp\/v2\/pages\/25692\/revisions\/46091"}],"wp:featuredmedia":[{"embeddable":true,"href":"https:\/\/towebornottoweb.com\/it\/wp-json\/wp\/v2\/media\/32867"}],"wp:attachment":[{"href":"https:\/\/towebornottoweb.com\/it\/wp-json\/wp\/v2\/media?parent=25692"}],"curies":[{"name":"wp","href":"https:\/\/api.w.org\/{rel}","templated":true}]}}