{"id":28114,"date":"2022-09-22T12:26:19","date_gmt":"2022-09-22T12:26:19","guid":{"rendered":"https:\/\/www.towebornottoweb.com\/export-multichannel-services\/"},"modified":"2023-02-21T12:19:53","modified_gmt":"2023-02-21T12:19:53","slug":"export-multichannel-services","status":"publish","type":"page","link":"https:\/\/towebornottoweb.com\/de\/export-multichannel-services\/","title":{"rendered":"Export &amp; Multichannel Services"},"content":{"rendered":"\t\t<div data-elementor-type=\"wp-page\" data-elementor-id=\"28114\" class=\"elementor elementor-28114 elementor-23525\" data-elementor-post-type=\"page\">\n\t\t\t\t\t\t<section class=\"elementor-section elementor-top-section elementor-element elementor-element-01a1a87 elementor-section-boxed elementor-section-height-default elementor-section-height-default wpr-particle-no wpr-jarallax-no wpr-parallax-no wpr-sticky-section-no wpr-equal-height-no\" data-id=\"01a1a87\" data-element_type=\"section\" data-e-type=\"section\" data-settings=\"{&quot;background_background&quot;:&quot;classic&quot;}\">\n\t\t\t\t\t\t\t<div class=\"elementor-background-overlay\"><\/div>\n\t\t\t\t\t\t\t<div class=\"elementor-container elementor-column-gap-default\">\n\t\t\t\t\t<div class=\"elementor-column elementor-col-100 elementor-top-column elementor-element elementor-element-159bb72\" data-id=\"159bb72\" data-element_type=\"column\" data-e-type=\"column\">\n\t\t\t<div class=\"elementor-widget-wrap elementor-element-populated\">\n\t\t\t\t\t\t<div class=\"elementor-element elementor-element-c2e5c9a premium-header-block premium-lq__none premium-box-lq__none elementor-widget elementor-widget-premium-addon-dual-header\" data-id=\"c2e5c9a\" data-element_type=\"widget\" data-e-type=\"widget\" data-widget_type=\"premium-addon-dual-header.default\">\n\t\t\t\t\t\n\t\t<div class=\"elementor-widget-container\">\n\t\t\t\t\t<h2 class=\"premium-dual-header-first-header \"><span class=\"premium-dual-header-first-span\">Export &amp; Multichannel Services <\/span><\/h2> \t\t\t\t<\/div>\n\n\t\t\t\t\t\t<\/div>\n\t\t\t\t<div class=\"elementor-element elementor-element-ce848a3 elementor-widget elementor-widget-elementskit-heading\" data-id=\"ce848a3\" data-element_type=\"widget\" data-e-type=\"widget\" data-widget_type=\"elementskit-heading.default\">\n\t\t\t\t<div class=\"elementor-widget-container\">\n\t\t\t\t\t<div class=\"ekit-wid-con\" ><div class=\"ekit-heading elementskit-section-title-wraper text_left   ekit_heading_tablet-   ekit_heading_mobile-\">\t\t\t\t<div class='ekit-heading__description'>\n\t\t\t\t\t<p><span>Unabh\u00e4ngig von der Gr\u00f6\u00dfe Ihres Unternehmens, haben Sie immer noch die hervorragende M\u00f6glichkeit, international zu expandieren. Wenn Sie m\u00f6chten, dass Ihr Unternehmen international aktiv wird, ist es jedoch wichtig, die beste Strategie zu entwickeln, um neue M\u00e4rkte zu erobern. ToWebOrNotToWeb ebnet Ihnen den Weg in die aufregende Exportwelt!<\/span><\/p>\n\t\t\t\t<\/div>\n\t\t\t<\/div><\/div>\t\t\t\t<\/div>\n\t\t\t\t<\/div>\n\t\t\t\t<div class=\"elementor-element elementor-element-21da705 elementor-widget-divider--view-line_text elementor-widget-divider--element-align-center elementor-widget elementor-widget-divider\" data-id=\"21da705\" data-element_type=\"widget\" data-e-type=\"widget\" data-widget_type=\"divider.default\">\n\t\t\t\t<div class=\"elementor-widget-container\">\n\t\t\t\t\t\t\t<div class=\"elementor-divider\">\n\t\t\t<span class=\"elementor-divider-separator\">\n\t\t\t\t\t\t\t<span class=\"elementor-divider__text elementor-divider__element\">\n\t\t\t\tDies sind unsere Dienstleistungen f\u00fcr export &amp; multichannel services:\t\t\t\t<\/span>\n\t\t\t\t\t\t<\/span>\n\t\t<\/div>\n\t\t\t\t\t\t<\/div>\n\t\t\t\t<\/div>\n\t\t\t\t<section class=\"elementor-section elementor-inner-section elementor-element elementor-element-858f9ad elementor-section-boxed elementor-section-height-default elementor-section-height-default wpr-particle-no wpr-jarallax-no wpr-parallax-no wpr-sticky-section-no wpr-equal-height-no\" data-id=\"858f9ad\" data-element_type=\"section\" data-e-type=\"section\">\n\t\t\t\t\t\t<div class=\"elementor-container elementor-column-gap-default\">\n\t\t\t\t\t<div class=\"elementor-column elementor-col-33 elementor-inner-column elementor-element elementor-element-2a7b83e\" data-id=\"2a7b83e\" data-element_type=\"column\" data-e-type=\"column\">\n\t\t\t<div class=\"elementor-widget-wrap elementor-element-populated\">\n\t\t\t\t\t\t<div class=\"elementor-element elementor-element-6c4cca2 premium-pricing-features-center elementor-widget elementor-widget-premium-addon-pricing-table\" data-id=\"6c4cca2\" data-element_type=\"widget\" data-e-type=\"widget\" data-widget_type=\"premium-addon-pricing-table.default\">\n\t\t\t\t<div class=\"elementor-widget-container\">\n\t\t\t\t\t\n\t<div class=\"premium-pricing-table-container\">\n\t\t\t\t\t<h3 class=\"premium-pricing-table-title\">\n\t\t\t\tExport Multichannel <br>Audit\t\t\t<\/h3>\n\t\t\n\t\t\t\t\t<div class=\"premium-pricing-price-container\">\n\t\t\t\t<div class=\"premium-pricing-inner-wrapper \">\n\t\t\t\t\t\n\t\t\t\t\t<div class=\"premium-pricing-actual-wrapper\">\n\t\t\t\t\t\t\t\t\t\t\t\t\t\t\t\t\t<\/div>\n\t\t\t\t<\/div>\n\n\t\t\t\t<div class=\"separate-duration-wrapper\">\n\t\t\t\t\t\n\t\t\t\t\t\t\t\t\t<\/div>\n\t\t\t<\/div>\n\t\t\t\t\t\t<ul class=\"premium-pricing-list\">\n\t\t\t\t\t\t\t\t\t\t\t<li class=\"elementor-repeater-item-76abc5d premium-pricing-list-item premium-drawable-icon premium-svg-nodraw\">\n\t\t\t\t\t\t\t\t\t\t\t\t\t\t\t\t\t\t\t\t\t\t\n\t\t\t\t\t\t\t\t\t\t\t\t<\/li>\n\t\t\t\t\t\t\t\t\t<\/ul>\n\t\t\t\t\t\t\t<div class=\"premium-pricing-description-container\">\n\t\t\t\t\t\t\t<\/div>\n\t\t\t\t\t\t<div class=\"premium-pricing-button-container\">\n\t\t\t<a class=\"premium-pricing-price-button premium-button-none \" data-text=\"Mehr erfahren\" href=\"https:\/\/www.towebornottoweb.com\/de\/export-multichannel-audit\/\">\n\t\t\t\t<div class=\"premium-button-text-icon-wrapper\">\n\t\t\t\t\t<span>Mehr erfahren<\/span>\n\t\t\t\t<\/div>\n\t\t\t\t\n\t\t\t\t\n\t\t\t<\/a>\n\t\t<\/div>\n\t\t\t<\/div>\n\n\t\t\t\t\t\t<\/div>\n\t\t\t\t<\/div>\n\t\t\t\t\t<\/div>\n\t\t<\/div>\n\t\t\t\t<div class=\"elementor-column elementor-col-33 elementor-inner-column elementor-element elementor-element-88d1485\" data-id=\"88d1485\" data-element_type=\"column\" data-e-type=\"column\">\n\t\t\t<div class=\"elementor-widget-wrap elementor-element-populated\">\n\t\t\t\t\t\t<div class=\"elementor-element elementor-element-55be9ab premium-pricing-features-center elementor-widget elementor-widget-premium-addon-pricing-table\" data-id=\"55be9ab\" data-element_type=\"widget\" data-e-type=\"widget\" data-widget_type=\"premium-addon-pricing-table.default\">\n\t\t\t\t<div class=\"elementor-widget-container\">\n\t\t\t\t\t\n\t<div class=\"premium-pricing-table-container\">\n\t\t\t\t\t<div class=\"premium-pricing-badge-container premium-badge-right premium-badge-stripe\">\n\t\t\t\t<div class=\"corner\">\n\t\t\t\t\t<span >\n\t\t\t\t\t\t\t\t\t\t\t<\/span>\n\t\t\t\t<\/div>\n\t\t\t<\/div>\n\t\t\t\t\t\t<h3 class=\"premium-pricing-table-title\">\n\t\t\t\tExport Multichannel <br>Strategy\t\t\t<\/h3>\n\t\t\n\t\t\t\t\t<div class=\"premium-pricing-price-container\">\n\t\t\t\t<div class=\"premium-pricing-inner-wrapper \">\n\t\t\t\t\t\n\t\t\t\t\t<div class=\"premium-pricing-actual-wrapper\">\n\t\t\t\t\t\t\t\t\t\t\t\t\t\t\t\t\t<\/div>\n\t\t\t\t<\/div>\n\n\t\t\t\t<div class=\"separate-duration-wrapper\">\n\t\t\t\t\t\n\t\t\t\t\t\t\t\t\t<\/div>\n\t\t\t<\/div>\n\t\t\t\t\t\t<ul class=\"premium-pricing-list\">\n\t\t\t\t\t\t\t\t\t\t\t<li class=\"elementor-repeater-item-c11cd73 premium-pricing-list-item premium-drawable-icon premium-svg-nodraw\">\n\t\t\t\t\t\t\t\t\t\t\t\t\t\t\t\t\t\t\t\t\t\t\n\t\t\t\t\t\t\t\t\t\t\t\t<\/li>\n\t\t\t\t\t\t\t\t\t<\/ul>\n\t\t\t\t\t\t\t<div class=\"premium-pricing-description-container\">\n\t\t\t\t\t\t\t<\/div>\n\t\t\t\t\t\t<div class=\"premium-pricing-button-container\">\n\t\t\t<a class=\"premium-pricing-price-button premium-button-none \" data-text=\"Mehr erfahren\" href=\"https:\/\/www.towebornottoweb.com\/de\/export-multichannel-strategy-design\/\">\n\t\t\t\t<div class=\"premium-button-text-icon-wrapper\">\n\t\t\t\t\t<span>Mehr erfahren<\/span>\n\t\t\t\t<\/div>\n\t\t\t\t\n\t\t\t\t\n\t\t\t<\/a>\n\t\t<\/div>\n\t\t\t<\/div>\n\n\t\t\t\t\t\t<\/div>\n\t\t\t\t<\/div>\n\t\t\t\t\t<\/div>\n\t\t<\/div>\n\t\t\t\t<div class=\"elementor-column elementor-col-33 elementor-inner-column elementor-element elementor-element-296592d\" data-id=\"296592d\" data-element_type=\"column\" data-e-type=\"column\">\n\t\t\t<div class=\"elementor-widget-wrap elementor-element-populated\">\n\t\t\t\t\t\t<div class=\"elementor-element elementor-element-f2c2856 premium-pricing-features-center elementor-widget elementor-widget-premium-addon-pricing-table\" data-id=\"f2c2856\" data-element_type=\"widget\" data-e-type=\"widget\" data-widget_type=\"premium-addon-pricing-table.default\">\n\t\t\t\t<div class=\"elementor-widget-container\">\n\t\t\t\t\t\n\t<div class=\"premium-pricing-table-container\">\n\t\t\t\t\t<h3 class=\"premium-pricing-table-title\">\n\t\t\t\tExport <br>Management\t\t\t<\/h3>\n\t\t\n\t\t\t\t\t<div class=\"premium-pricing-price-container\">\n\t\t\t\t<div class=\"premium-pricing-inner-wrapper \">\n\t\t\t\t\t\n\t\t\t\t\t<div class=\"premium-pricing-actual-wrapper\">\n\t\t\t\t\t\t\t\t\t\t\t\t\t\t\t\t\t<\/div>\n\t\t\t\t<\/div>\n\n\t\t\t\t<div class=\"separate-duration-wrapper\">\n\t\t\t\t\t\n\t\t\t\t\t\t\t\t\t<\/div>\n\t\t\t<\/div>\n\t\t\t\t\t\t<ul class=\"premium-pricing-list\">\n\t\t\t\t\t\t\t\t\t\t\t<li class=\"elementor-repeater-item-46f8c67 premium-pricing-list-item premium-drawable-icon premium-svg-nodraw\">\n\t\t\t\t\t\t\t\t\t\t\t\t\t\t\t\t\t\t\t\t\t\t\n\t\t\t\t\t\t\t\t\t\t\t\t<\/li>\n\t\t\t\t\t\t\t\t\t<\/ul>\n\t\t\t\t\t\t\t<div class=\"premium-pricing-description-container\">\n\t\t\t\t\t\t\t<\/div>\n\t\t\t\t\t\t<div class=\"premium-pricing-button-container\">\n\t\t\t<a class=\"premium-pricing-price-button premium-button-none \" data-text=\"Mehr erfahren\" href=\"https:\/\/www.towebornottoweb.com\/de\/export-management\/\">\n\t\t\t\t<div class=\"premium-button-text-icon-wrapper\">\n\t\t\t\t\t<span>Mehr erfahren<\/span>\n\t\t\t\t<\/div>\n\t\t\t\t\n\t\t\t\t\n\t\t\t<\/a>\n\t\t<\/div>\n\t\t\t<\/div>\n\n\t\t\t\t\t\t<\/div>\n\t\t\t\t<\/div>\n\t\t\t\t\t<\/div>\n\t\t<\/div>\n\t\t\t\t\t<\/div>\n\t\t<\/section>\n\t\t\t\t\t<\/div>\n\t\t<\/div>\n\t\t\t\t\t<\/div>\n\t\t<\/section>\n\t\t\t\t<\/div>\n\t\t","protected":false},"excerpt":{"rendered":"<p>Export &amp; Multichannel Services Unabh\u00e4ngig von der Gr\u00f6\u00dfe Ihres Unternehmens, haben Sie immer noch die hervorragende M\u00f6glichkeit, international zu expandieren. Wenn Sie m\u00f6chten, dass Ihr Unternehmen international aktiv wird, ist es jedoch wichtig, die beste Strategie zu entwickeln, um neue M\u00e4rkte zu erobern. ToWebOrNotToWeb ebnet Ihnen den Weg in die aufregende Exportwelt! Dies sind unsere Dienstleistungen f\u00fcr export &amp; multichannel services: Export Multichannel Audit Mehr erfahren Export Multichannel Strategy Mehr erfahren Export Management Mehr erfahren<\/p>\n","protected":false},"author":30,"featured_media":0,"parent":0,"menu_order":0,"comment_status":"closed","ping_status":"closed","template":"","meta":{"site-sidebar-layout":"no-sidebar","site-content-layout":"page-builder","ast-site-content-layout":"","site-content-style":"default","site-sidebar-style":"default","ast-global-header-display":"","ast-banner-title-visibility":"","ast-main-header-display":"","ast-hfb-above-header-display":"","ast-hfb-below-header-display":"","ast-hfb-mobile-header-display":"","site-post-title":"disabled","ast-breadcrumbs-content":"","ast-featured-img":"disabled","footer-sml-layout":"","theme-transparent-header-meta":"","adv-header-id-meta":"","stick-header-meta":"","header-above-stick-meta":"","header-main-stick-meta":"","header-below-stick-meta":"","astra-migrate-meta-layouts":"default","ast-page-background-enabled":"default","ast-page-background-meta":{"desktop":{"background-color":"var(--ast-global-color-4)","background-image":"","background-repeat":"repeat","background-position":"center center","background-size":"auto","background-attachment":"scroll","background-type":"","background-media":"","overlay-type":"","overlay-color":"","overlay-opacity":"","overlay-gradient":""},"tablet":{"background-color":"","background-image":"","background-repeat":"repeat","background-position":"center center","background-size":"auto","background-attachment":"scroll","background-type":"","background-media":"","overlay-type":"","overlay-color":"","overlay-opacity":"","overlay-gradient":""},"mobile":{"background-color":"","background-image":"","background-repeat":"repeat","background-position":"center center","background-size":"auto","background-attachment":"scroll","background-type":"","background-media":"","overlay-type":"","overlay-color":"","overlay-opacity":"","overlay-gradient":""}},"ast-content-background-meta":{"desktop":{"background-color":"var(--ast-global-color-5)","background-image":"","background-repeat":"repeat","background-position":"center center","background-size":"auto","background-attachment":"scroll","background-type":"","background-media":"","overlay-type":"","overlay-color":"","overlay-opacity":"","overlay-gradient":""},"tablet":{"background-color":"var(--ast-global-color-5)","background-image":"","background-repeat":"repeat","background-position":"center center","background-size":"auto","background-attachment":"scroll","background-type":"","background-media":"","overlay-type":"","overlay-color":"","overlay-opacity":"","overlay-gradient":""},"mobile":{"background-color":"var(--ast-global-color-5)","background-image":"","background-repeat":"repeat","background-position":"center center","background-size":"auto","background-attachment":"scroll","background-type":"","background-media":"","overlay-type":"","overlay-color":"","overlay-opacity":"","overlay-gradient":""}},"footnotes":""},"class_list":["post-28114","page","type-page","status-publish","hentry"],"yoast_head":"<!-- This site is optimized with the Yoast SEO plugin v27.4 - https:\/\/yoast.com\/product\/yoast-seo-wordpress\/ -->\n<title>Export &amp; Multichannel Services - ToWebOrNotToWeb<\/title>\n<meta name=\"description\" content=\"Ihr Unternehmen kann unabh\u00e4ngig von seiner Gr\u00f6\u00dfe erfolgreich exportieren. ToWebOrNotToWeb findet f\u00fcr Sie die beste Strategie und hilft Ihnen w\u00e4hrend des gesamten Projekts.\" \/>\n<meta name=\"robots\" content=\"index, follow, max-snippet:-1, max-image-preview:large, max-video-preview:-1\" \/>\n<link rel=\"canonical\" href=\"https:\/\/towebornottoweb.com\/de\/export-multichannel-services\/\" \/>\n<meta property=\"og:locale\" content=\"de_DE\" \/>\n<meta property=\"og:type\" content=\"article\" \/>\n<meta property=\"og:title\" content=\"Export &amp; Multichannel Services - ToWebOrNotToWeb\" \/>\n<meta property=\"og:description\" content=\"Ihr Unternehmen kann unabh\u00e4ngig von seiner Gr\u00f6\u00dfe erfolgreich exportieren. ToWebOrNotToWeb findet f\u00fcr Sie die beste Strategie und hilft Ihnen w\u00e4hrend des gesamten Projekts.\" \/>\n<meta property=\"og:url\" content=\"https:\/\/towebornottoweb.com\/de\/export-multichannel-services\/\" \/>\n<meta property=\"article:publisher\" content=\"https:\/\/www.facebook.com\/ToWebOrNotToWeb\" \/>\n<meta property=\"article:modified_time\" content=\"2023-02-21T12:19:53+00:00\" \/>\n<meta property=\"og:image\" content=\"https:\/\/towebornottoweb.com\/wp-content\/uploads\/2025\/02\/Capture-decran-2025-02-07-121127.png\" \/>\n\t<meta property=\"og:image:width\" content=\"1124\" \/>\n\t<meta property=\"og:image:height\" content=\"948\" \/>\n\t<meta property=\"og:image:type\" content=\"image\/png\" \/>\n<meta name=\"twitter:card\" content=\"summary_large_image\" \/>\n<meta name=\"twitter:site\" content=\"@ToWebOrNoToWeb\" \/>\n<meta name=\"twitter:label1\" content=\"Gesch\u00e4tzte Lesezeit\" \/>\n\t<meta name=\"twitter:data1\" content=\"1\u00a0Minute\" \/>\n<script type=\"application\/ld+json\" class=\"yoast-schema-graph\">{\"@context\":\"https:\\\/\\\/schema.org\",\"@graph\":[{\"@type\":\"Article\",\"@id\":\"https:\\\/\\\/towebornottoweb.com\\\/de\\\/export-multichannel-services\\\/#article\",\"isPartOf\":{\"@id\":\"https:\\\/\\\/towebornottoweb.com\\\/de\\\/export-multichannel-services\\\/\"},\"author\":{\"name\":\"\u00c9quipe \u00e9ditoriale\",\"@id\":\"https:\\\/\\\/towebornottoweb.com\\\/en\\\/#\\\/schema\\\/person\\\/2c2ee302dffb717a96907d5ad2c994d8\"},\"headline\":\"Export &amp; Multichannel Services\",\"datePublished\":\"2022-09-22T12:26:19+00:00\",\"dateModified\":\"2023-02-21T12:19:53+00:00\",\"mainEntityOfPage\":{\"@id\":\"https:\\\/\\\/towebornottoweb.com\\\/de\\\/export-multichannel-services\\\/\"},\"wordCount\":85,\"publisher\":{\"@id\":\"https:\\\/\\\/towebornottoweb.com\\\/en\\\/#organization\"},\"inLanguage\":\"de\"},{\"@type\":\"WebPage\",\"@id\":\"https:\\\/\\\/towebornottoweb.com\\\/de\\\/export-multichannel-services\\\/\",\"url\":\"https:\\\/\\\/towebornottoweb.com\\\/de\\\/export-multichannel-services\\\/\",\"name\":\"Export &amp; Multichannel Services - ToWebOrNotToWeb\",\"isPartOf\":{\"@id\":\"https:\\\/\\\/towebornottoweb.com\\\/en\\\/#website\"},\"datePublished\":\"2022-09-22T12:26:19+00:00\",\"dateModified\":\"2023-02-21T12:19:53+00:00\",\"description\":\"Ihr Unternehmen kann unabh\u00e4ngig von seiner Gr\u00f6\u00dfe erfolgreich exportieren. ToWebOrNotToWeb findet f\u00fcr Sie die beste Strategie und hilft Ihnen w\u00e4hrend des gesamten Projekts.\",\"breadcrumb\":{\"@id\":\"https:\\\/\\\/towebornottoweb.com\\\/de\\\/export-multichannel-services\\\/#breadcrumb\"},\"inLanguage\":\"de\",\"potentialAction\":[{\"@type\":\"ReadAction\",\"target\":[\"https:\\\/\\\/towebornottoweb.com\\\/de\\\/export-multichannel-services\\\/\"]}]},{\"@type\":\"BreadcrumbList\",\"@id\":\"https:\\\/\\\/towebornottoweb.com\\\/de\\\/export-multichannel-services\\\/#breadcrumb\",\"itemListElement\":[{\"@type\":\"ListItem\",\"position\":1,\"name\":\"Home\",\"item\":\"https:\\\/\\\/towebornottoweb.com\\\/de\\\/die-cross-border-revolution\\\/\"},{\"@type\":\"ListItem\",\"position\":2,\"name\":\"Export &amp; Multichannel Services\"}]},{\"@type\":\"WebSite\",\"@id\":\"https:\\\/\\\/towebornottoweb.com\\\/en\\\/#website\",\"url\":\"https:\\\/\\\/towebornottoweb.com\\\/en\\\/\",\"name\":\"ToWebOrNotToWeb\",\"description\":\"Digital Export\",\"publisher\":{\"@id\":\"https:\\\/\\\/towebornottoweb.com\\\/en\\\/#organization\"},\"potentialAction\":[{\"@type\":\"SearchAction\",\"target\":{\"@type\":\"EntryPoint\",\"urlTemplate\":\"https:\\\/\\\/towebornottoweb.com\\\/en\\\/?s={search_term_string}\"},\"query-input\":{\"@type\":\"PropertyValueSpecification\",\"valueRequired\":true,\"valueName\":\"search_term_string\"}}],\"inLanguage\":\"de\"},{\"@type\":\"Organization\",\"@id\":\"https:\\\/\\\/towebornottoweb.com\\\/en\\\/#organization\",\"name\":\"ToWebOrNotToWeb\",\"alternateName\":\"Digital Export\",\"url\":\"https:\\\/\\\/towebornottoweb.com\\\/en\\\/\",\"logo\":{\"@type\":\"ImageObject\",\"inLanguage\":\"de\",\"@id\":\"https:\\\/\\\/towebornottoweb.com\\\/en\\\/#\\\/schema\\\/logo\\\/image\\\/\",\"url\":\"https:\\\/\\\/towebornottoweb.com\\\/wp-content\\\/uploads\\\/2024\\\/10\\\/cropped-logo-1-removebg-preview-1-1.png\",\"contentUrl\":\"https:\\\/\\\/towebornottoweb.com\\\/wp-content\\\/uploads\\\/2024\\\/10\\\/cropped-logo-1-removebg-preview-1-1.png\",\"width\":225,\"height\":122,\"caption\":\"ToWebOrNotToWeb\"},\"image\":{\"@id\":\"https:\\\/\\\/towebornottoweb.com\\\/en\\\/#\\\/schema\\\/logo\\\/image\\\/\"},\"sameAs\":[\"https:\\\/\\\/www.facebook.com\\\/ToWebOrNotToWeb\",\"https:\\\/\\\/x.com\\\/ToWebOrNoToWeb\",\"https:\\\/\\\/www.instagram.com\\\/towebornottoweb\\\/\",\"https:\\\/\\\/www.linkedin.com\\\/company\\\/to-web-or-not-to-web\",\"https:\\\/\\\/www.youtube.com\\\/channel\\\/UCa9Pftw5fcrwpV58cSXKRww\\\/\"]},{\"@type\":\"Person\",\"@id\":\"https:\\\/\\\/towebornottoweb.com\\\/en\\\/#\\\/schema\\\/person\\\/2c2ee302dffb717a96907d5ad2c994d8\",\"name\":\"\u00c9quipe \u00e9ditoriale\",\"image\":{\"@type\":\"ImageObject\",\"inLanguage\":\"de\",\"@id\":\"https:\\\/\\\/secure.gravatar.com\\\/avatar\\\/3b8e46fa9a266f287f8d3d7712270c2827725a82e039358a3ca05a70cccec30b?s=96&d=mm&r=g\",\"url\":\"https:\\\/\\\/secure.gravatar.com\\\/avatar\\\/3b8e46fa9a266f287f8d3d7712270c2827725a82e039358a3ca05a70cccec30b?s=96&d=mm&r=g\",\"contentUrl\":\"https:\\\/\\\/secure.gravatar.com\\\/avatar\\\/3b8e46fa9a266f287f8d3d7712270c2827725a82e039358a3ca05a70cccec30b?s=96&d=mm&r=g\",\"caption\":\"\u00c9quipe \u00e9ditoriale\"},\"url\":\"https:\\\/\\\/towebornottoweb.com\\\/de\\\/author\\\/silvia-carter\\\/\"}]}<\/script>\n<!-- \/ Yoast SEO plugin. -->","yoast_head_json":{"title":"Export &amp; Multichannel Services - ToWebOrNotToWeb","description":"Ihr Unternehmen kann unabh\u00e4ngig von seiner Gr\u00f6\u00dfe erfolgreich exportieren. ToWebOrNotToWeb findet f\u00fcr Sie die beste Strategie und hilft Ihnen w\u00e4hrend des gesamten Projekts.","robots":{"index":"index","follow":"follow","max-snippet":"max-snippet:-1","max-image-preview":"max-image-preview:large","max-video-preview":"max-video-preview:-1"},"canonical":"https:\/\/towebornottoweb.com\/de\/export-multichannel-services\/","og_locale":"de_DE","og_type":"article","og_title":"Export &amp; Multichannel Services - ToWebOrNotToWeb","og_description":"Ihr Unternehmen kann unabh\u00e4ngig von seiner Gr\u00f6\u00dfe erfolgreich exportieren. ToWebOrNotToWeb findet f\u00fcr Sie die beste Strategie und hilft Ihnen w\u00e4hrend des gesamten Projekts.","og_url":"https:\/\/towebornottoweb.com\/de\/export-multichannel-services\/","article_publisher":"https:\/\/www.facebook.com\/ToWebOrNotToWeb","article_modified_time":"2023-02-21T12:19:53+00:00","og_image":[{"width":1124,"height":948,"url":"https:\/\/towebornottoweb.com\/wp-content\/uploads\/2025\/02\/Capture-decran-2025-02-07-121127.png","type":"image\/png"}],"twitter_card":"summary_large_image","twitter_site":"@ToWebOrNoToWeb","twitter_misc":{"Gesch\u00e4tzte Lesezeit":"1\u00a0Minute"},"schema":{"@context":"https:\/\/schema.org","@graph":[{"@type":"Article","@id":"https:\/\/towebornottoweb.com\/de\/export-multichannel-services\/#article","isPartOf":{"@id":"https:\/\/towebornottoweb.com\/de\/export-multichannel-services\/"},"author":{"name":"\u00c9quipe \u00e9ditoriale","@id":"https:\/\/towebornottoweb.com\/en\/#\/schema\/person\/2c2ee302dffb717a96907d5ad2c994d8"},"headline":"Export &amp; Multichannel Services","datePublished":"2022-09-22T12:26:19+00:00","dateModified":"2023-02-21T12:19:53+00:00","mainEntityOfPage":{"@id":"https:\/\/towebornottoweb.com\/de\/export-multichannel-services\/"},"wordCount":85,"publisher":{"@id":"https:\/\/towebornottoweb.com\/en\/#organization"},"inLanguage":"de"},{"@type":"WebPage","@id":"https:\/\/towebornottoweb.com\/de\/export-multichannel-services\/","url":"https:\/\/towebornottoweb.com\/de\/export-multichannel-services\/","name":"Export &amp; Multichannel Services - ToWebOrNotToWeb","isPartOf":{"@id":"https:\/\/towebornottoweb.com\/en\/#website"},"datePublished":"2022-09-22T12:26:19+00:00","dateModified":"2023-02-21T12:19:53+00:00","description":"Ihr Unternehmen kann unabh\u00e4ngig von seiner Gr\u00f6\u00dfe erfolgreich exportieren. ToWebOrNotToWeb findet f\u00fcr Sie die beste Strategie und hilft Ihnen w\u00e4hrend des gesamten Projekts.","breadcrumb":{"@id":"https:\/\/towebornottoweb.com\/de\/export-multichannel-services\/#breadcrumb"},"inLanguage":"de","potentialAction":[{"@type":"ReadAction","target":["https:\/\/towebornottoweb.com\/de\/export-multichannel-services\/"]}]},{"@type":"BreadcrumbList","@id":"https:\/\/towebornottoweb.com\/de\/export-multichannel-services\/#breadcrumb","itemListElement":[{"@type":"ListItem","position":1,"name":"Home","item":"https:\/\/towebornottoweb.com\/de\/die-cross-border-revolution\/"},{"@type":"ListItem","position":2,"name":"Export &amp; Multichannel Services"}]},{"@type":"WebSite","@id":"https:\/\/towebornottoweb.com\/en\/#website","url":"https:\/\/towebornottoweb.com\/en\/","name":"ToWebOrNotToWeb","description":"Digital Export","publisher":{"@id":"https:\/\/towebornottoweb.com\/en\/#organization"},"potentialAction":[{"@type":"SearchAction","target":{"@type":"EntryPoint","urlTemplate":"https:\/\/towebornottoweb.com\/en\/?s={search_term_string}"},"query-input":{"@type":"PropertyValueSpecification","valueRequired":true,"valueName":"search_term_string"}}],"inLanguage":"de"},{"@type":"Organization","@id":"https:\/\/towebornottoweb.com\/en\/#organization","name":"ToWebOrNotToWeb","alternateName":"Digital Export","url":"https:\/\/towebornottoweb.com\/en\/","logo":{"@type":"ImageObject","inLanguage":"de","@id":"https:\/\/towebornottoweb.com\/en\/#\/schema\/logo\/image\/","url":"https:\/\/towebornottoweb.com\/wp-content\/uploads\/2024\/10\/cropped-logo-1-removebg-preview-1-1.png","contentUrl":"https:\/\/towebornottoweb.com\/wp-content\/uploads\/2024\/10\/cropped-logo-1-removebg-preview-1-1.png","width":225,"height":122,"caption":"ToWebOrNotToWeb"},"image":{"@id":"https:\/\/towebornottoweb.com\/en\/#\/schema\/logo\/image\/"},"sameAs":["https:\/\/www.facebook.com\/ToWebOrNotToWeb","https:\/\/x.com\/ToWebOrNoToWeb","https:\/\/www.instagram.com\/towebornottoweb\/","https:\/\/www.linkedin.com\/company\/to-web-or-not-to-web","https:\/\/www.youtube.com\/channel\/UCa9Pftw5fcrwpV58cSXKRww\/"]},{"@type":"Person","@id":"https:\/\/towebornottoweb.com\/en\/#\/schema\/person\/2c2ee302dffb717a96907d5ad2c994d8","name":"\u00c9quipe \u00e9ditoriale","image":{"@type":"ImageObject","inLanguage":"de","@id":"https:\/\/secure.gravatar.com\/avatar\/3b8e46fa9a266f287f8d3d7712270c2827725a82e039358a3ca05a70cccec30b?s=96&d=mm&r=g","url":"https:\/\/secure.gravatar.com\/avatar\/3b8e46fa9a266f287f8d3d7712270c2827725a82e039358a3ca05a70cccec30b?s=96&d=mm&r=g","contentUrl":"https:\/\/secure.gravatar.com\/avatar\/3b8e46fa9a266f287f8d3d7712270c2827725a82e039358a3ca05a70cccec30b?s=96&d=mm&r=g","caption":"\u00c9quipe \u00e9ditoriale"},"url":"https:\/\/towebornottoweb.com\/de\/author\/silvia-carter\/"}]}},"_links":{"self":[{"href":"https:\/\/towebornottoweb.com\/de\/wp-json\/wp\/v2\/pages\/28114","targetHints":{"allow":["GET"]}}],"collection":[{"href":"https:\/\/towebornottoweb.com\/de\/wp-json\/wp\/v2\/pages"}],"about":[{"href":"https:\/\/towebornottoweb.com\/de\/wp-json\/wp\/v2\/types\/page"}],"author":[{"embeddable":true,"href":"https:\/\/towebornottoweb.com\/de\/wp-json\/wp\/v2\/users\/30"}],"replies":[{"embeddable":true,"href":"https:\/\/towebornottoweb.com\/de\/wp-json\/wp\/v2\/comments?post=28114"}],"version-history":[{"count":4,"href":"https:\/\/towebornottoweb.com\/de\/wp-json\/wp\/v2\/pages\/28114\/revisions"}],"predecessor-version":[{"id":33123,"href":"https:\/\/towebornottoweb.com\/de\/wp-json\/wp\/v2\/pages\/28114\/revisions\/33123"}],"wp:attachment":[{"href":"https:\/\/towebornottoweb.com\/de\/wp-json\/wp\/v2\/media?parent=28114"}],"curies":[{"name":"wp","href":"https:\/\/api.w.org\/{rel}","templated":true}]}}