{"id":25680,"date":"2022-09-14T11:26:59","date_gmt":"2022-09-14T11:26:59","guid":{"rendered":"https:\/\/www.towebornottoweb.com\/internationaler-marktplatzverkauf\/"},"modified":"2022-11-08T09:51:49","modified_gmt":"2022-11-08T09:51:49","slug":"internationaler-marktplatzverkauf","status":"publish","type":"page","link":"https:\/\/towebornottoweb.com\/de\/internationaler-marktplatzverkauf\/","title":{"rendered":"International Marketplaces"},"content":{"rendered":"\t\t<div data-elementor-type=\"wp-page\" data-elementor-id=\"25680\" class=\"elementor elementor-25680 elementor-20906\" data-elementor-post-type=\"page\">\n\t\t\t\t\t\t<section class=\"elementor-section elementor-top-section elementor-element elementor-element-c5aa159 elementor-section-full_width elementor-section-height-default elementor-section-height-default wpr-particle-no wpr-jarallax-no wpr-parallax-no wpr-sticky-section-no\" data-id=\"c5aa159\" data-element_type=\"section\" data-e-type=\"section\" data-settings=\"{&quot;background_background&quot;:&quot;classic&quot;}\">\n\t\t\t\t\t\t<div class=\"elementor-container elementor-column-gap-no\">\n\t\t\t\t\t<div class=\"elementor-column elementor-col-100 elementor-top-column elementor-element elementor-element-aba2124\" data-id=\"aba2124\" data-element_type=\"column\" data-e-type=\"column\">\n\t\t\t<div class=\"elementor-widget-wrap elementor-element-populated\">\n\t\t\t\t\t\t<div class=\"elementor-element elementor-element-24adb69 elementor-widget elementor-widget-elementskit-heading\" data-id=\"24adb69\" data-element_type=\"widget\" data-e-type=\"widget\" data-widget_type=\"elementskit-heading.default\">\n\t\t\t\t<div class=\"elementor-widget-container\">\n\t\t\t\t\t<div class=\"ekit-wid-con\" ><div class=\"ekit-heading elementskit-section-title-wraper text_center   ekit_heading_tablet-   ekit_heading_mobile-\"><h2 class=\"ekit-heading--title elementskit-section-title \">International Marketplaces<\/h2>\t\t\t\t<div class='ekit-heading__description'>\n\t\t\t\t\t<h5><span>Amazon ist einer der gr\u00f6\u00dften Marktpl\u00e4tze der Welt, aber er ist nicht einmal ann\u00e4hernd so gro\u00df wie die Summe aller Marktpl\u00e4tze auf der ganzen Welt. Es gibt viele andere Marktpl\u00e4tze, sowohl lokal als auch international, die f\u00fcr das Exportwachstum sehr effektiv sein k\u00f6nnen. ToWebOrNotToWeb hilft KMUs bei der Einrichtung von Konten, der Auflistung von Produkten\/Dienstleistungen und der Nutzung spezifischer Web-Marketing-Tools, um den internationalen Absatz von Marktpl\u00e4tzen zu steigern.<\/span><\/h5>\n\t\t\t\t<\/div>\n\t\t\t<\/div><\/div>\t\t\t\t<\/div>\n\t\t\t\t<\/div>\n\t\t\t\t<div class=\"elementor-element elementor-element-2ae82b4 elementor-widget elementor-widget-heading\" data-id=\"2ae82b4\" data-element_type=\"widget\" data-e-type=\"widget\" data-widget_type=\"heading.default\">\n\t\t\t\t<div class=\"elementor-widget-container\">\n\t\t\t\t\t<h2 class=\"elementor-heading-title elementor-size-default\">Pr\u00fcfen Sie unsere Dienstleistungen:<\/h2>\t\t\t\t<\/div>\n\t\t\t\t<\/div>\n\t\t\t\t<section class=\"elementor-section elementor-inner-section elementor-element elementor-element-726efd9 elementor-section-boxed elementor-section-height-default elementor-section-height-default wpr-particle-no wpr-jarallax-no wpr-parallax-no wpr-sticky-section-no\" data-id=\"726efd9\" data-element_type=\"section\" data-e-type=\"section\">\n\t\t\t\t\t\t<div class=\"elementor-container elementor-column-gap-default\">\n\t\t\t\t\t<div class=\"elementor-column elementor-col-50 elementor-inner-column elementor-element elementor-element-4b958cc\" data-id=\"4b958cc\" data-element_type=\"column\" data-e-type=\"column\">\n\t\t\t<div class=\"elementor-widget-wrap elementor-element-populated\">\n\t\t\t\t\t\t<div class=\"elementor-element elementor-element-273ff67 elementor-widget elementor-widget-elementskit-image-box\" data-id=\"273ff67\" data-element_type=\"widget\" data-e-type=\"widget\" data-widget_type=\"elementskit-image-box.default\">\n\t\t\t\t<div class=\"elementor-widget-container\">\n\t\t\t\t\t<div class=\"ekit-wid-con\" >\n            <div class=\"elementskit-info-image-box ekit-image-box text-center floating-style\" >\n\n                <a href=\"https:\/\/www.towebornottoweb.com\/de\/internationaler-marktplatzverkauf\/international-marketplaces-web-marketing\/\">\n                <div class=\"elementskit-box-header image-box-img-center\">\n\n                    <img decoding=\"async\" src=\"https:\/\/www.towebornottoweb.com\/wp-content\/uploads\/2018\/04\/marketplace-1-e1662362184866.jpg\" title=\"\" alt=\"International Marketplaces Integration\" loading=\"lazy\" \/>\n                <\/div>\n                <\/a>\n                <div class=\"elementskit-box-body ekit-image-box-body\">\n                    <div class=\"elementskit-box-content ekit-image-box-body-inner\">\n                                                <h5 class=\"elementskit-info-box-title\">\n\n                        <a href=\"https:\/\/www.towebornottoweb.com\/de\/internationaler-marktplatzverkauf\/international-marketplaces-web-marketing\/\">International Marketplaces Web-Marketing<\/a>\n                        \n                    <\/h5>\n                                                            <div class=\"elementskit-box-style-content\">\n                        Steigern Sie Ihren Export mit den leistungsstarken Web-Marketing-Tools internationaler Marketplaces und Ecommerce.                    <\/div>\n                                    <\/div>\n\n                            <\/div>\n            <\/div>\n    <\/div>\t\t\t\t<\/div>\n\t\t\t\t<\/div>\n\t\t\t\t\t<\/div>\n\t\t<\/div>\n\t\t\t\t<div class=\"elementor-column elementor-col-50 elementor-inner-column elementor-element elementor-element-408ecb1\" data-id=\"408ecb1\" data-element_type=\"column\" data-e-type=\"column\">\n\t\t\t<div class=\"elementor-widget-wrap elementor-element-populated\">\n\t\t\t\t\t\t<div class=\"elementor-element elementor-element-e89ca96 elementor-widget elementor-widget-elementskit-image-box\" data-id=\"e89ca96\" data-element_type=\"widget\" data-e-type=\"widget\" data-widget_type=\"elementskit-image-box.default\">\n\t\t\t\t<div class=\"elementor-widget-container\">\n\t\t\t\t\t<div class=\"ekit-wid-con\" >\n            <div class=\"elementskit-info-image-box ekit-image-box text-center floating-style\" >\n\n                <a href=\"https:\/\/www.towebornottoweb.com\/de\/internationaler-marktplatzverkauf\/international-marketplaces-integration\/\">\n                <div class=\"elementskit-box-header image-box-img-center\">\n\n                    <img fetchpriority=\"high\" decoding=\"async\" width=\"924\" height=\"616\" src=\"https:\/\/towebornottoweb.com\/wp-content\/uploads\/2018\/05\/90461-scaled.jpg\" class=\"attachment-full size-full wp-image-16322\" alt=\"\" srcset=\"https:\/\/towebornottoweb.com\/wp-content\/uploads\/2018\/05\/90461-scaled.jpg 924w, https:\/\/towebornottoweb.com\/wp-content\/uploads\/2018\/05\/90461-scaled-400x267.jpg 400w, https:\/\/towebornottoweb.com\/wp-content\/uploads\/2018\/05\/90461-300x200.jpg 300w, https:\/\/towebornottoweb.com\/wp-content\/uploads\/2018\/05\/90461-1024x683.jpg 1024w, https:\/\/towebornottoweb.com\/wp-content\/uploads\/2018\/05\/90461-768x512.jpg 768w, https:\/\/towebornottoweb.com\/wp-content\/uploads\/2018\/05\/90461-1536x1024.jpg 1536w, https:\/\/towebornottoweb.com\/wp-content\/uploads\/2018\/05\/90461-2048x1365.jpg 2048w, https:\/\/towebornottoweb.com\/wp-content\/uploads\/2018\/05\/90461-1170x780.jpg 1170w, https:\/\/towebornottoweb.com\/wp-content\/uploads\/2018\/05\/90461-570x380.jpg 570w, https:\/\/towebornottoweb.com\/wp-content\/uploads\/2018\/05\/90461-370x247.jpg 370w, https:\/\/towebornottoweb.com\/wp-content\/uploads\/2018\/05\/90461-270x180.jpg 270w, https:\/\/towebornottoweb.com\/wp-content\/uploads\/2018\/05\/90461-96x64.jpg 96w\" sizes=\"(max-width: 924px) 100vw, 924px\" \/>\n                <\/div>\n                <\/a>\n                <div class=\"elementskit-box-body ekit-image-box-body\">\n                    <div class=\"elementskit-box-content ekit-image-box-body-inner\">\n                                                <h5 class=\"elementskit-info-box-title\">\n\n                        <a href=\"https:\/\/www.towebornottoweb.com\/de\/internationaler-marktplatzverkauf\/international-marketplaces-integration\/\">International Marketplaces Integration<\/a>\n                        \n                    <\/h5>\n                                                            <div class=\"elementskit-box-style-content\">\n                        Integrieren Sie Ihre Produkte in lokale oder internationale Marketplaces und steigern Sie Ihren Export schneller.                    <\/div>\n                                    <\/div>\n\n                            <\/div>\n            <\/div>\n    <\/div>\t\t\t\t<\/div>\n\t\t\t\t<\/div>\n\t\t\t\t\t<\/div>\n\t\t<\/div>\n\t\t\t\t\t<\/div>\n\t\t<\/section>\n\t\t\t\t\t<\/div>\n\t\t<\/div>\n\t\t\t\t\t<\/div>\n\t\t<\/section>\n\t\t\t\t<\/div>\n\t\t","protected":false},"excerpt":{"rendered":"<p>International Marketplaces Amazon ist einer der gr\u00f6\u00dften Marktpl\u00e4tze der Welt, aber er ist nicht einmal ann\u00e4hernd so gro\u00df wie die Summe aller Marktpl\u00e4tze auf der ganzen Welt. Es gibt viele andere Marktpl\u00e4tze, sowohl lokal als auch international, die f\u00fcr das Exportwachstum sehr effektiv sein k\u00f6nnen. ToWebOrNotToWeb hilft KMUs bei der Einrichtung von Konten, der Auflistung von Produkten\/Dienstleistungen und der Nutzung spezifischer Web-Marketing-Tools, um den internationalen Absatz von Marktpl\u00e4tzen zu steigern. Pr\u00fcfen Sie unsere Dienstleistungen: International Marketplaces Web-Marketing Steigern Sie Ihren Export mit den leistungsstarken Web-Marketing-Tools internationaler Marketplaces und Ecommerce. International Marketplaces Integration Integrieren Sie Ihre Produkte in lokale oder internationale Marketplaces und steigern Sie Ihren Export schneller.<\/p>\n","protected":false},"author":30,"featured_media":32866,"parent":0,"menu_order":0,"comment_status":"closed","ping_status":"closed","template":"","meta":{"site-sidebar-layout":"no-sidebar","site-content-layout":"page-builder","ast-site-content-layout":"","site-content-style":"default","site-sidebar-style":"default","ast-global-header-display":"","ast-banner-title-visibility":"","ast-main-header-display":"","ast-hfb-above-header-display":"","ast-hfb-below-header-display":"","ast-hfb-mobile-header-display":"","site-post-title":"disabled","ast-breadcrumbs-content":"","ast-featured-img":"disabled","footer-sml-layout":"","theme-transparent-header-meta":"","adv-header-id-meta":"","stick-header-meta":"","header-above-stick-meta":"","header-main-stick-meta":"","header-below-stick-meta":"","astra-migrate-meta-layouts":"default","ast-page-background-enabled":"default","ast-page-background-meta":{"desktop":{"background-color":"var(--ast-global-color-4)","background-image":"","background-repeat":"repeat","background-position":"center center","background-size":"auto","background-attachment":"scroll","background-type":"","background-media":"","overlay-type":"","overlay-color":"","overlay-opacity":"","overlay-gradient":""},"tablet":{"background-color":"","background-image":"","background-repeat":"repeat","background-position":"center center","background-size":"auto","background-attachment":"scroll","background-type":"","background-media":"","overlay-type":"","overlay-color":"","overlay-opacity":"","overlay-gradient":""},"mobile":{"background-color":"","background-image":"","background-repeat":"repeat","background-position":"center center","background-size":"auto","background-attachment":"scroll","background-type":"","background-media":"","overlay-type":"","overlay-color":"","overlay-opacity":"","overlay-gradient":""}},"ast-content-background-meta":{"desktop":{"background-color":"var(--ast-global-color-5)","background-image":"","background-repeat":"repeat","background-position":"center center","background-size":"auto","background-attachment":"scroll","background-type":"","background-media":"","overlay-type":"","overlay-color":"","overlay-opacity":"","overlay-gradient":""},"tablet":{"background-color":"var(--ast-global-color-5)","background-image":"","background-repeat":"repeat","background-position":"center center","background-size":"auto","background-attachment":"scroll","background-type":"","background-media":"","overlay-type":"","overlay-color":"","overlay-opacity":"","overlay-gradient":""},"mobile":{"background-color":"var(--ast-global-color-5)","background-image":"","background-repeat":"repeat","background-position":"center center","background-size":"auto","background-attachment":"scroll","background-type":"","background-media":"","overlay-type":"","overlay-color":"","overlay-opacity":"","overlay-gradient":""}},"footnotes":""},"class_list":["post-25680","page","type-page","status-publish","has-post-thumbnail","hentry"],"yoast_head":"<!-- This site is optimized with the Yoast SEO plugin v27.3 - https:\/\/yoast.com\/product\/yoast-seo-wordpress\/ -->\n<title>International Marketplaces - ToWebOrNotToWeb<\/title>\n<meta name=\"description\" content=\"ToWebOrNotToWeb hilft KMU, auf internationalen Marktpl\u00e4tzen zu wachsen, vom Erstellen eines Kontos bis zum Referenzieren von Produkten \/ Dienstleistungen.\" \/>\n<meta name=\"robots\" content=\"index, follow, max-snippet:-1, max-image-preview:large, max-video-preview:-1\" \/>\n<link rel=\"canonical\" href=\"https:\/\/towebornottoweb.com\/de\/internationaler-marktplatzverkauf\/\" \/>\n<meta property=\"og:locale\" content=\"de_DE\" \/>\n<meta property=\"og:type\" content=\"article\" \/>\n<meta property=\"og:title\" content=\"International Marketplaces - ToWebOrNotToWeb\" \/>\n<meta property=\"og:description\" content=\"ToWebOrNotToWeb hilft KMU, auf internationalen Marktpl\u00e4tzen zu wachsen, vom Erstellen eines Kontos bis zum Referenzieren von Produkten \/ Dienstleistungen.\" \/>\n<meta property=\"og:url\" content=\"https:\/\/towebornottoweb.com\/de\/internationaler-marktplatzverkauf\/\" \/>\n<meta property=\"article:publisher\" content=\"https:\/\/www.facebook.com\/ToWebOrNotToWeb\" \/>\n<meta property=\"article:modified_time\" content=\"2022-11-08T09:51:49+00:00\" \/>\n<meta property=\"og:image\" content=\"https:\/\/towebornottoweb.com\/wp-content\/uploads\/2023\/01\/marketplace-1-e1662362184866.jpg\" \/>\n\t<meta property=\"og:image:width\" content=\"370\" \/>\n\t<meta property=\"og:image:height\" content=\"253\" \/>\n\t<meta property=\"og:image:type\" content=\"image\/jpeg\" \/>\n<meta name=\"twitter:card\" content=\"summary_large_image\" \/>\n<meta name=\"twitter:site\" content=\"@ToWebOrNoToWeb\" \/>\n<meta name=\"twitter:label1\" content=\"Gesch\u00e4tzte Lesezeit\" \/>\n\t<meta name=\"twitter:data1\" content=\"1\u00a0Minute\" \/>\n<script type=\"application\/ld+json\" class=\"yoast-schema-graph\">{\"@context\":\"https:\\\/\\\/schema.org\",\"@graph\":[{\"@type\":\"Article\",\"@id\":\"https:\\\/\\\/towebornottoweb.com\\\/de\\\/internationaler-marktplatzverkauf\\\/#article\",\"isPartOf\":{\"@id\":\"https:\\\/\\\/towebornottoweb.com\\\/de\\\/internationaler-marktplatzverkauf\\\/\"},\"author\":{\"name\":\"Editorial Team\",\"@id\":\"https:\\\/\\\/towebornottoweb.com\\\/en\\\/#\\\/schema\\\/person\\\/2c2ee302dffb717a96907d5ad2c994d8\"},\"headline\":\"International Marketplaces\",\"datePublished\":\"2022-09-14T11:26:59+00:00\",\"dateModified\":\"2022-11-08T09:51:49+00:00\",\"mainEntityOfPage\":{\"@id\":\"https:\\\/\\\/towebornottoweb.com\\\/de\\\/internationaler-marktplatzverkauf\\\/\"},\"wordCount\":119,\"publisher\":{\"@id\":\"https:\\\/\\\/towebornottoweb.com\\\/en\\\/#organization\"},\"image\":{\"@id\":\"https:\\\/\\\/towebornottoweb.com\\\/de\\\/internationaler-marktplatzverkauf\\\/#primaryimage\"},\"thumbnailUrl\":\"https:\\\/\\\/towebornottoweb.com\\\/wp-content\\\/uploads\\\/2023\\\/01\\\/marketplace-1-e1662362184866.jpg\",\"inLanguage\":\"de\"},{\"@type\":\"WebPage\",\"@id\":\"https:\\\/\\\/towebornottoweb.com\\\/de\\\/internationaler-marktplatzverkauf\\\/\",\"url\":\"https:\\\/\\\/towebornottoweb.com\\\/de\\\/internationaler-marktplatzverkauf\\\/\",\"name\":\"International Marketplaces - ToWebOrNotToWeb\",\"isPartOf\":{\"@id\":\"https:\\\/\\\/towebornottoweb.com\\\/en\\\/#website\"},\"primaryImageOfPage\":{\"@id\":\"https:\\\/\\\/towebornottoweb.com\\\/de\\\/internationaler-marktplatzverkauf\\\/#primaryimage\"},\"image\":{\"@id\":\"https:\\\/\\\/towebornottoweb.com\\\/de\\\/internationaler-marktplatzverkauf\\\/#primaryimage\"},\"thumbnailUrl\":\"https:\\\/\\\/towebornottoweb.com\\\/wp-content\\\/uploads\\\/2023\\\/01\\\/marketplace-1-e1662362184866.jpg\",\"datePublished\":\"2022-09-14T11:26:59+00:00\",\"dateModified\":\"2022-11-08T09:51:49+00:00\",\"description\":\"ToWebOrNotToWeb hilft KMU, auf internationalen Marktpl\u00e4tzen zu wachsen, vom Erstellen eines Kontos bis zum Referenzieren von Produkten \\\/ Dienstleistungen.\",\"breadcrumb\":{\"@id\":\"https:\\\/\\\/towebornottoweb.com\\\/de\\\/internationaler-marktplatzverkauf\\\/#breadcrumb\"},\"inLanguage\":\"de\",\"potentialAction\":[{\"@type\":\"ReadAction\",\"target\":[\"https:\\\/\\\/towebornottoweb.com\\\/de\\\/internationaler-marktplatzverkauf\\\/\"]}]},{\"@type\":\"ImageObject\",\"inLanguage\":\"de\",\"@id\":\"https:\\\/\\\/towebornottoweb.com\\\/de\\\/internationaler-marktplatzverkauf\\\/#primaryimage\",\"url\":\"https:\\\/\\\/towebornottoweb.com\\\/wp-content\\\/uploads\\\/2023\\\/01\\\/marketplace-1-e1662362184866.jpg\",\"contentUrl\":\"https:\\\/\\\/towebornottoweb.com\\\/wp-content\\\/uploads\\\/2023\\\/01\\\/marketplace-1-e1662362184866.jpg\",\"width\":370,\"height\":253},{\"@type\":\"BreadcrumbList\",\"@id\":\"https:\\\/\\\/towebornottoweb.com\\\/de\\\/internationaler-marktplatzverkauf\\\/#breadcrumb\",\"itemListElement\":[{\"@type\":\"ListItem\",\"position\":1,\"name\":\"Home\",\"item\":\"https:\\\/\\\/towebornottoweb.com\\\/de\\\/die-cross-border-revolution\\\/\"},{\"@type\":\"ListItem\",\"position\":2,\"name\":\"International Marketplaces\"}]},{\"@type\":\"WebSite\",\"@id\":\"https:\\\/\\\/towebornottoweb.com\\\/en\\\/#website\",\"url\":\"https:\\\/\\\/towebornottoweb.com\\\/en\\\/\",\"name\":\"ToWebOrNotToWeb\",\"description\":\"Digital Export\",\"publisher\":{\"@id\":\"https:\\\/\\\/towebornottoweb.com\\\/en\\\/#organization\"},\"potentialAction\":[{\"@type\":\"SearchAction\",\"target\":{\"@type\":\"EntryPoint\",\"urlTemplate\":\"https:\\\/\\\/towebornottoweb.com\\\/en\\\/?s={search_term_string}\"},\"query-input\":{\"@type\":\"PropertyValueSpecification\",\"valueRequired\":true,\"valueName\":\"search_term_string\"}}],\"inLanguage\":\"de\"},{\"@type\":\"Organization\",\"@id\":\"https:\\\/\\\/towebornottoweb.com\\\/en\\\/#organization\",\"name\":\"ToWebOrNotToWeb\",\"alternateName\":\"Digital Export\",\"url\":\"https:\\\/\\\/towebornottoweb.com\\\/en\\\/\",\"logo\":{\"@type\":\"ImageObject\",\"inLanguage\":\"de\",\"@id\":\"https:\\\/\\\/towebornottoweb.com\\\/en\\\/#\\\/schema\\\/logo\\\/image\\\/\",\"url\":\"https:\\\/\\\/towebornottoweb.com\\\/wp-content\\\/uploads\\\/2024\\\/10\\\/cropped-logo-1-removebg-preview-1-1.png\",\"contentUrl\":\"https:\\\/\\\/towebornottoweb.com\\\/wp-content\\\/uploads\\\/2024\\\/10\\\/cropped-logo-1-removebg-preview-1-1.png\",\"width\":225,\"height\":122,\"caption\":\"ToWebOrNotToWeb\"},\"image\":{\"@id\":\"https:\\\/\\\/towebornottoweb.com\\\/en\\\/#\\\/schema\\\/logo\\\/image\\\/\"},\"sameAs\":[\"https:\\\/\\\/www.facebook.com\\\/ToWebOrNotToWeb\",\"https:\\\/\\\/x.com\\\/ToWebOrNoToWeb\",\"https:\\\/\\\/www.instagram.com\\\/towebornottoweb\\\/\",\"https:\\\/\\\/www.linkedin.com\\\/company\\\/to-web-or-not-to-web\",\"https:\\\/\\\/www.youtube.com\\\/channel\\\/UCa9Pftw5fcrwpV58cSXKRww\\\/\"]},{\"@type\":\"Person\",\"@id\":\"https:\\\/\\\/towebornottoweb.com\\\/en\\\/#\\\/schema\\\/person\\\/2c2ee302dffb717a96907d5ad2c994d8\",\"name\":\"Editorial Team\",\"image\":{\"@type\":\"ImageObject\",\"inLanguage\":\"de\",\"@id\":\"https:\\\/\\\/secure.gravatar.com\\\/avatar\\\/3b8e46fa9a266f287f8d3d7712270c2827725a82e039358a3ca05a70cccec30b?s=96&d=mm&r=g\",\"url\":\"https:\\\/\\\/secure.gravatar.com\\\/avatar\\\/3b8e46fa9a266f287f8d3d7712270c2827725a82e039358a3ca05a70cccec30b?s=96&d=mm&r=g\",\"contentUrl\":\"https:\\\/\\\/secure.gravatar.com\\\/avatar\\\/3b8e46fa9a266f287f8d3d7712270c2827725a82e039358a3ca05a70cccec30b?s=96&d=mm&r=g\",\"caption\":\"Editorial Team\"},\"url\":\"https:\\\/\\\/towebornottoweb.com\\\/de\\\/author\\\/silvia-carter\\\/\"}]}<\/script>\n<!-- \/ Yoast SEO plugin. -->","yoast_head_json":{"title":"International Marketplaces - ToWebOrNotToWeb","description":"ToWebOrNotToWeb hilft KMU, auf internationalen Marktpl\u00e4tzen zu wachsen, vom Erstellen eines Kontos bis zum Referenzieren von Produkten \/ Dienstleistungen.","robots":{"index":"index","follow":"follow","max-snippet":"max-snippet:-1","max-image-preview":"max-image-preview:large","max-video-preview":"max-video-preview:-1"},"canonical":"https:\/\/towebornottoweb.com\/de\/internationaler-marktplatzverkauf\/","og_locale":"de_DE","og_type":"article","og_title":"International Marketplaces - ToWebOrNotToWeb","og_description":"ToWebOrNotToWeb hilft KMU, auf internationalen Marktpl\u00e4tzen zu wachsen, vom Erstellen eines Kontos bis zum Referenzieren von Produkten \/ Dienstleistungen.","og_url":"https:\/\/towebornottoweb.com\/de\/internationaler-marktplatzverkauf\/","article_publisher":"https:\/\/www.facebook.com\/ToWebOrNotToWeb","article_modified_time":"2022-11-08T09:51:49+00:00","og_image":[{"width":370,"height":253,"url":"https:\/\/towebornottoweb.com\/wp-content\/uploads\/2023\/01\/marketplace-1-e1662362184866.jpg","type":"image\/jpeg"}],"twitter_card":"summary_large_image","twitter_site":"@ToWebOrNoToWeb","twitter_misc":{"Gesch\u00e4tzte Lesezeit":"1\u00a0Minute"},"schema":{"@context":"https:\/\/schema.org","@graph":[{"@type":"Article","@id":"https:\/\/towebornottoweb.com\/de\/internationaler-marktplatzverkauf\/#article","isPartOf":{"@id":"https:\/\/towebornottoweb.com\/de\/internationaler-marktplatzverkauf\/"},"author":{"name":"Editorial Team","@id":"https:\/\/towebornottoweb.com\/en\/#\/schema\/person\/2c2ee302dffb717a96907d5ad2c994d8"},"headline":"International Marketplaces","datePublished":"2022-09-14T11:26:59+00:00","dateModified":"2022-11-08T09:51:49+00:00","mainEntityOfPage":{"@id":"https:\/\/towebornottoweb.com\/de\/internationaler-marktplatzverkauf\/"},"wordCount":119,"publisher":{"@id":"https:\/\/towebornottoweb.com\/en\/#organization"},"image":{"@id":"https:\/\/towebornottoweb.com\/de\/internationaler-marktplatzverkauf\/#primaryimage"},"thumbnailUrl":"https:\/\/towebornottoweb.com\/wp-content\/uploads\/2023\/01\/marketplace-1-e1662362184866.jpg","inLanguage":"de"},{"@type":"WebPage","@id":"https:\/\/towebornottoweb.com\/de\/internationaler-marktplatzverkauf\/","url":"https:\/\/towebornottoweb.com\/de\/internationaler-marktplatzverkauf\/","name":"International Marketplaces - ToWebOrNotToWeb","isPartOf":{"@id":"https:\/\/towebornottoweb.com\/en\/#website"},"primaryImageOfPage":{"@id":"https:\/\/towebornottoweb.com\/de\/internationaler-marktplatzverkauf\/#primaryimage"},"image":{"@id":"https:\/\/towebornottoweb.com\/de\/internationaler-marktplatzverkauf\/#primaryimage"},"thumbnailUrl":"https:\/\/towebornottoweb.com\/wp-content\/uploads\/2023\/01\/marketplace-1-e1662362184866.jpg","datePublished":"2022-09-14T11:26:59+00:00","dateModified":"2022-11-08T09:51:49+00:00","description":"ToWebOrNotToWeb hilft KMU, auf internationalen Marktpl\u00e4tzen zu wachsen, vom Erstellen eines Kontos bis zum Referenzieren von Produkten \/ Dienstleistungen.","breadcrumb":{"@id":"https:\/\/towebornottoweb.com\/de\/internationaler-marktplatzverkauf\/#breadcrumb"},"inLanguage":"de","potentialAction":[{"@type":"ReadAction","target":["https:\/\/towebornottoweb.com\/de\/internationaler-marktplatzverkauf\/"]}]},{"@type":"ImageObject","inLanguage":"de","@id":"https:\/\/towebornottoweb.com\/de\/internationaler-marktplatzverkauf\/#primaryimage","url":"https:\/\/towebornottoweb.com\/wp-content\/uploads\/2023\/01\/marketplace-1-e1662362184866.jpg","contentUrl":"https:\/\/towebornottoweb.com\/wp-content\/uploads\/2023\/01\/marketplace-1-e1662362184866.jpg","width":370,"height":253},{"@type":"BreadcrumbList","@id":"https:\/\/towebornottoweb.com\/de\/internationaler-marktplatzverkauf\/#breadcrumb","itemListElement":[{"@type":"ListItem","position":1,"name":"Home","item":"https:\/\/towebornottoweb.com\/de\/die-cross-border-revolution\/"},{"@type":"ListItem","position":2,"name":"International Marketplaces"}]},{"@type":"WebSite","@id":"https:\/\/towebornottoweb.com\/en\/#website","url":"https:\/\/towebornottoweb.com\/en\/","name":"ToWebOrNotToWeb","description":"Digital Export","publisher":{"@id":"https:\/\/towebornottoweb.com\/en\/#organization"},"potentialAction":[{"@type":"SearchAction","target":{"@type":"EntryPoint","urlTemplate":"https:\/\/towebornottoweb.com\/en\/?s={search_term_string}"},"query-input":{"@type":"PropertyValueSpecification","valueRequired":true,"valueName":"search_term_string"}}],"inLanguage":"de"},{"@type":"Organization","@id":"https:\/\/towebornottoweb.com\/en\/#organization","name":"ToWebOrNotToWeb","alternateName":"Digital Export","url":"https:\/\/towebornottoweb.com\/en\/","logo":{"@type":"ImageObject","inLanguage":"de","@id":"https:\/\/towebornottoweb.com\/en\/#\/schema\/logo\/image\/","url":"https:\/\/towebornottoweb.com\/wp-content\/uploads\/2024\/10\/cropped-logo-1-removebg-preview-1-1.png","contentUrl":"https:\/\/towebornottoweb.com\/wp-content\/uploads\/2024\/10\/cropped-logo-1-removebg-preview-1-1.png","width":225,"height":122,"caption":"ToWebOrNotToWeb"},"image":{"@id":"https:\/\/towebornottoweb.com\/en\/#\/schema\/logo\/image\/"},"sameAs":["https:\/\/www.facebook.com\/ToWebOrNotToWeb","https:\/\/x.com\/ToWebOrNoToWeb","https:\/\/www.instagram.com\/towebornottoweb\/","https:\/\/www.linkedin.com\/company\/to-web-or-not-to-web","https:\/\/www.youtube.com\/channel\/UCa9Pftw5fcrwpV58cSXKRww\/"]},{"@type":"Person","@id":"https:\/\/towebornottoweb.com\/en\/#\/schema\/person\/2c2ee302dffb717a96907d5ad2c994d8","name":"Editorial Team","image":{"@type":"ImageObject","inLanguage":"de","@id":"https:\/\/secure.gravatar.com\/avatar\/3b8e46fa9a266f287f8d3d7712270c2827725a82e039358a3ca05a70cccec30b?s=96&d=mm&r=g","url":"https:\/\/secure.gravatar.com\/avatar\/3b8e46fa9a266f287f8d3d7712270c2827725a82e039358a3ca05a70cccec30b?s=96&d=mm&r=g","contentUrl":"https:\/\/secure.gravatar.com\/avatar\/3b8e46fa9a266f287f8d3d7712270c2827725a82e039358a3ca05a70cccec30b?s=96&d=mm&r=g","caption":"Editorial Team"},"url":"https:\/\/towebornottoweb.com\/de\/author\/silvia-carter\/"}]}},"_links":{"self":[{"href":"https:\/\/towebornottoweb.com\/de\/wp-json\/wp\/v2\/pages\/25680","targetHints":{"allow":["GET"]}}],"collection":[{"href":"https:\/\/towebornottoweb.com\/de\/wp-json\/wp\/v2\/pages"}],"about":[{"href":"https:\/\/towebornottoweb.com\/de\/wp-json\/wp\/v2\/types\/page"}],"author":[{"embeddable":true,"href":"https:\/\/towebornottoweb.com\/de\/wp-json\/wp\/v2\/users\/30"}],"replies":[{"embeddable":true,"href":"https:\/\/towebornottoweb.com\/de\/wp-json\/wp\/v2\/comments?post=25680"}],"version-history":[{"count":1,"href":"https:\/\/towebornottoweb.com\/de\/wp-json\/wp\/v2\/pages\/25680\/revisions"}],"predecessor-version":[{"id":31610,"href":"https:\/\/towebornottoweb.com\/de\/wp-json\/wp\/v2\/pages\/25680\/revisions\/31610"}],"wp:featuredmedia":[{"embeddable":true,"href":"https:\/\/towebornottoweb.com\/de\/wp-json\/wp\/v2\/media\/32866"}],"wp:attachment":[{"href":"https:\/\/towebornottoweb.com\/de\/wp-json\/wp\/v2\/media?parent=25680"}],"curies":[{"name":"wp","href":"https:\/\/api.w.org\/{rel}","templated":true}]}}